{"id":459,"date":"2023-12-21T11:46:57","date_gmt":"2023-12-21T11:46:57","guid":{"rendered":"https:\/\/vollmacthformular.com\/de\/vollmacht-rechtsanwalt-offnen\/"},"modified":"2023-12-21T11:46:57","modified_gmt":"2023-12-21T11:46:57","slug":"vollmacht-rechtsanwalt-offnen","status":"publish","type":"page","link":"https:\/\/vollmacthformular.com\/de\/vollmacht-rechtsanwalt-offnen\/","title":{"rendered":"\u00d6ffnen &#8211; Vollmacht Rechtsanwalt Formular"},"content":{"rendered":"\r\n<p class=\"has-text-align-center\">Muster und Vorlage f\u00fcr <strong> Vollmacht Rechtsanwalt Formular<\/strong> &#8211; <strong>\u00d6ffnen und Ausf\u00fcllen <\/strong> im <strong>WORD<\/strong>\u2013 und <strong>PDF-Format<\/strong><\/p>\r\n\r\n\r\n<div class=\"su-note\"  style=\"border-color:#e5e5e5;border-radius:8px;-moz-border-radius:8px;-webkit-border-radius:8px;\"><div class=\"su-note-inner su-u-clearfix su-u-trim\" style=\"background-color:#ffffff;border-color:#ffffff;color:#333333;border-radius:8px;-moz-border-radius:8px;-webkit-border-radius:8px;\">\r\n<div class=\"wp-block-image\">\r\n<figure class=\"aligncenter size-large is-resized\"><img loading=\"lazy\" decoding=\"async\" class=\"wp-image-215\" src=\"https:\/\/vollmacthformular.com\/de\/wp-content\/uploads\/vollmacht-rechtsanwalt-formular.jpg\" alt=\"\" width=\"213\" height=\"340\" \/><\/figure>\r\n<\/div>\r\n<\/div><\/div>\r\n<div class=\"su-note\"  style=\"border-color:#e5e5e5;border-radius:8px;-moz-border-radius:8px;-webkit-border-radius:8px;\"><div class=\"su-note-inner su-u-clearfix su-u-trim\" style=\"background-color:#ffffff;border-color:#ffffff;color:#333333;border-radius:8px;-moz-border-radius:8px;-webkit-border-radius:8px;\">\r\n<div class=\"su-button-center\"><a href=\"https:\/\/www.anwalt-ralf-becker.de\/wp-content\/uploads\/2020\/03\/Vollmacht-Verwaltungsrecht.pdf\" class=\"su-button su-button-style-flat\" style=\"color:#FFFFFF;background-color:#144bb6;border-color:#103c92;border-radius:1px\" target=\"_self\"><span style=\"color:#FFFFFF;padding:0px 24px;font-size:18px;line-height:36px;border-color:#5b81cc;border-radius:1px;text-shadow:none\">  \u00d6ffnen &#8211; \ud83d\udcc3 Vollmacht Rechtsanwalt  <\/span><\/a><\/div>\n\r\n<\/div><\/div>\r\n<hr class=\"wp-block-separator has-alpha-channel-opacity\" \/>\r\n\r\n\r\n<figure class=\"wp-block-table aligncenter\">\r\n<table>\r\n<tbody>\r\n<tr>\r\n<td style=\"text-align: center;\"><strong>Vollmacht Rechtsanwalt<\/strong><\/td>\r\n<\/tr>\r\n<tr>\r\n<td style=\"text-align: center;\"><strong>Vorlage &#8211; Muster<\/strong><\/td>\r\n<\/tr>\r\n<tr>\r\n<td style=\"text-align: center;\"><strong>Vodruck &#8211; Formular<\/strong><\/td>\r\n<\/tr>\r\n<tr>\r\n<td style=\"text-align: center;\">Bewertung: \u2b50\u2b50\u2b50\u2b50\u2b50 4.57<\/td>\r\n<\/tr>\r\n<tr>\r\n<td style=\"text-align: center;\">Ergebnisse &#8211; 5474<\/td>\r\n<\/tr>\r\n<\/tbody>\r\n<\/table>\r\n<\/figure>\r\n\r\n\r\n<hr class=\"wp-block-separator has-alpha-channel-opacity\" \/>\r\n<p style=\"text-align: center;\"><strong>Weitere Vollmacht Rechtsanwalt-Optionen<\/strong><\/p>\r\n<div class=\"su-note\"  style=\"border-color:#e5e5e5;border-radius:8px;-moz-border-radius:8px;-webkit-border-radius:8px;\"><div class=\"su-note-inner su-u-clearfix su-u-trim\" style=\"background-color:#ffffff;border-color:#ffffff;color:#333333;border-radius:8px;-moz-border-radius:8px;-webkit-border-radius:8px;\">\r\n<div class=\"su-button-center\"><a href=\"https:\/\/www.hsk-rechtsanwaelte.de\/downloads\/Vollmacht_RA_Stengel.pdf\" class=\"su-button su-button-style-flat\" style=\"color:#FFFFFF;background-color:#144bb6;border-color:#103c92;border-radius:1px\" target=\"_self\"><span style=\"color:#FFFFFF;padding:0px 24px;font-size:18px;line-height:36px;border-color:#5b81cc;border-radius:1px;text-shadow:none\">  Vorlage (2) &#8211; Vollmacht Rechtsanwalt <\/span><\/a><\/div>\n\r\n<\/div><\/div>\r\n<div class=\"su-note\"  style=\"border-color:#e5e5e5;border-radius:8px;-moz-border-radius:8px;-webkit-border-radius:8px;\"><div class=\"su-note-inner su-u-clearfix su-u-trim\" style=\"background-color:#ffffff;border-color:#ffffff;color:#333333;border-radius:8px;-moz-border-radius:8px;-webkit-border-radius:8px;\">\r\n<div class=\"su-button-center\"><a href=\"https:\/\/www.verkehrsrechts-fachanwalt.de\/downloads\/vollmacht-verkehrsrecht.pdf\" class=\"su-button su-button-style-flat\" style=\"color:#FFFFFF;background-color:#144bb6;border-color:#103c92;border-radius:1px\" target=\"_self\"><span style=\"color:#FFFFFF;padding:0px 24px;font-size:18px;line-height:36px;border-color:#5b81cc;border-radius:1px;text-shadow:none\">  Vorlage (3) &#8211; Vollmacht Rechtsanwalt <\/span><\/a><\/div>\n\r\n<\/div><\/div>\r\n<div class=\"su-note\"  style=\"border-color:#e5e5e5;border-radius:8px;-moz-border-radius:8px;-webkit-border-radius:8px;\"><div class=\"su-note-inner su-u-clearfix su-u-trim\" style=\"background-color:#ffffff;border-color:#ffffff;color:#333333;border-radius:8px;-moz-border-radius:8px;-webkit-border-radius:8px;\">\r\n<div class=\"su-button-center\"><a href=\"https:\/\/www.verkehrsrechts-fachanwalt.de\/downloads\/vollmacht-verkehrsrecht.pdf\" class=\"su-button su-button-style-flat\" style=\"color:#FFFFFF;background-color:#144bb6;border-color:#103c92;border-radius:1px\" target=\"_self\"><span style=\"color:#FFFFFF;padding:0px 24px;font-size:18px;line-height:36px;border-color:#5b81cc;border-radius:1px;text-shadow:none\">  Vorlage (4) &#8211; Vollmacht Rechtsanwalt <\/span><\/a><\/div>\n\r\n<\/div><\/div>\r\n<hr class=\"wp-block-separator has-alpha-channel-opacity\" \/>\r\n<div class=\"su-note\"  style=\"border-color:#e5e5e5;border-radius:10px;-moz-border-radius:10px;-webkit-border-radius:10px;\"><div class=\"su-note-inner su-u-clearfix su-u-trim\" style=\"background-color:#FFFFFF;border-color:#ffffff;color:#333333;border-radius:10px;-moz-border-radius:10px;-webkit-border-radius:10px;\">\r\n<p><details> <summary>1. Was ist eine Vollmacht?<\/summary> <p>Eine Vollmacht ist eine schriftliche Vereinbarung, die einer Person (dem Bevollm\u00e4chtigten) die rechtliche Befugnis gibt, im Namen einer anderen Person (dem Vollmachtgeber) zu handeln.<\/p> <\/details>  <details> <summary>2. Wie schreibe ich eine Vollmacht an einen Rechtsanwalt?<\/summary> <p>Um eine Vollmacht an einen Rechtsanwalt zu schreiben, verwenden Sie ein formales Schreiben und stellen Sie sicher, dass alle relevanten Informationen enthalten sind. Geben Sie den Zweck der Vollmacht an, legen Sie die Befugnisse des Anwalts fest und unterschreiben Sie das Dokument.<\/p> <\/details>  <details> <summary>3. Welche Elemente m\u00fcssen in einer Vollmacht enthalten sein?<\/summary> <p>Eine Vollmacht sollte den Namen und die Kontaktdaten des Vollmachtgebers und des Bevollm\u00e4chtigten, den Zweck der Vollmacht, den Zeitraum der G\u00fcltigkeit, die spezifischen Befugnisse des Bevollm\u00e4chtigten und die Unterschriften beider Parteien enthalten.<\/p> <\/details>  <details> <summary>4. Gibt es verschiedene Arten von Vollmachten?<\/summary> <p>Ja, es gibt verschiedene Arten von Vollmachten wie die Generalvollmacht, die Vorsorgevollmacht, die Kontovollmacht und die Anwaltsvollmacht. Jede Art von Vollmacht hat spezifische Zwecke und Einschr\u00e4nkungen.<\/p> <\/details>  <details> <summary>5. Wie lange ist eine Vollmacht g\u00fcltig?<\/summary> <p>Die G\u00fcltigkeitsdauer einer Vollmacht h\u00e4ngt von den Vereinbarungen zwischen dem Vollmachtgeber und dem Bevollm\u00e4chtigten ab. In einigen F\u00e4llen kann eine Vollmacht zeitlich begrenzt sein, w\u00e4hrend andere Vollmachten dauerhaft sind und nur durch den Widerruf des Vollmachtgebers aufgehoben werden k\u00f6nnen.<\/p> <\/details>  <details> <summary>6. Wie kann ich eine Vollmacht widerrufen?<\/summary> <p>Eine Vollmacht kann durch den schriftlichen Widerruf des Vollmachtgebers widerrufen werden. Der Widerruf sollte an den Bevollm\u00e4chtigten und alle anderen relevanten Parteien gesendet werden. Es ist wichtig sicherzustellen, dass der Widerruf ordnungsgem\u00e4\u00df dokumentiert und kommuniziert wird.<\/p> <\/details>  <details> <summary>7. Welche Rechte hat ein Bevollm\u00e4chtigter?<\/summary> <p>Die Rechte eines Bevollm\u00e4chtigten h\u00e4ngen von den spezifischen Befugnissen ab, die im Vollmachtsschreiben festgelegt sind. Ein Bevollm\u00e4chtigter kann beispielsweise Vertr\u00e4ge abschlie\u00dfen, Rechtshandlungen vornehmen und den Vollmachtgeber vor Gericht vertreten.<\/p> <\/details>  <details> <summary>8. Was sind die rechtlichen Konsequenzen einer Vollmacht?<\/summary> <p>Wenn eine Vollmacht ordnungsgem\u00e4\u00df erstellt und ausge\u00fcbt wird, sind die Handlungen des Bevollm\u00e4chtigten rechtlich bindend f\u00fcr den Vollmachtgeber. Der Vollmachtgeber tr\u00e4gt die Verantwortung f\u00fcr die Handlungen des Bevollm\u00e4chtigten.<\/p> <\/details>  <details> <summary>9. Kann ich eine Vollmacht an mehr als eine Person erteilen?<\/summary> <p>Ja, es ist m\u00f6glich, eine Vollmacht an mehr als eine Person zu erteilen. In diesem Fall m\u00fcssen die Befugnisse und Zust\u00e4ndigkeiten jedes Bevollm\u00e4chtigten klar definiert sein.<\/p> <\/details>  <details> <summary>10. Kann eine Vollmacht bei Notf\u00e4llen eingesetzt werden?<\/summary> <p>Ja, eine Vollmacht kann f\u00fcr den Fall eines Notfalls eingesetzt werden. Eine besondere Form der Vollmacht, die so genannte Vorsorgevollmacht, erm\u00f6glicht es einem Bevollm\u00e4chtigten, im Namen des Vollmachtgebers zu handeln, wenn dieser aufgrund von Krankheit oder Unf\u00e4higkeit nicht mehr in der Lage ist, seine eigenen Angelegenheiten zu regeln.<\/p> <\/details>  <details> <summary>11. Was passiert, wenn der Bevollm\u00e4chtigte seine Verpflichtungen nicht erf\u00fcllt?<\/summary> <p>Wenn der Bevollm\u00e4chtigte seine Verpflichtungen nicht erf\u00fcllt oder gegen das Gesetz verst\u00f6\u00dft, kann der Vollmachtgeber den Bevollm\u00e4chtigten auffordern, seine Befugnisse zur\u00fcckzugeben oder das Vollmachtverh\u00e4ltnis beenden. In einigen F\u00e4llen kann eine rechtliche Haftung f\u00fcr den Bevollm\u00e4chtigten entstehen.<\/p> <\/details>  <details> <summary>12. Bedarf es einer bestimmten Form f\u00fcr eine Vollmacht?<\/summary> <p>Ja, um eine Vollmacht rechtsg\u00fcltig zu machen, sollte diese in schriftlicher Form vorliegen und von beiden Parteien unterschrieben werden. In einigen F\u00e4llen kann eine notarielle Beurkundung erforderlich sein.<\/p> <\/details>  <details> <summary>13. Kann ich eine Vollmacht r\u00fcckg\u00e4ngig machen?<\/summary> <p>Ja, eine Vollmacht kann jederzeit vom Vollmachtgeber widerrufen werden, solange dies schriftlich und ordnungsgem\u00e4\u00df dokumentiert wird. Es wird empfohlen, eine Kopie des Widerrufs an den Bevollm\u00e4chtigten zu senden und die Widerrufserkl\u00e4rung an einem sicheren Ort aufzubewahren.<\/p> <\/details>  <details> <summary>14. Wann sollte ich einen Rechtsanwalt um eine Vollmacht bitten?<\/summary> <p>Es kann sinnvoll sein, einen Rechtsanwalt um eine Vollmacht zu bitten, wenn Sie jemanden ben\u00f6tigen, der Ihre rechtlichen Angelegenheiten in Ihrem Namen regelt. Ein Anwalt kann Sie bei der Erstellung einer Vollmacht unterst\u00fctzen und sicherstellen, dass Ihre Interessen gesch\u00fctzt sind.<\/p> <\/details><\/p>\r\n<\/div><\/div>\r\n<hr class=\"wp-block-separator has-alpha-channel-opacity\" \/>","protected":false},"excerpt":{"rendered":"<p>Muster und Vorlage f\u00fcr Vollmacht Rechtsanwalt Formular &#8211; \u00d6ffnen und Ausf\u00fcllen im WORD\u2013 und PDF-Format Vollmacht Rechtsanwalt Vorlage &#8211; Muster &#8230; <\/p>\n<p class=\"read-more-container\"><a title=\"\u00d6ffnen &#8211; Vollmacht Rechtsanwalt Formular\" class=\"read-more button\" href=\"https:\/\/vollmacthformular.com\/de\/vollmacht-rechtsanwalt-offnen\/#more-459\" aria-label=\"Mehr zu \u00d6ffnen &#8211; Vollmacht Rechtsanwalt Formular\">\u00d6ffnen<\/a><\/p>\n","protected":false},"author":1,"featured_media":0,"parent":0,"menu_order":0,"comment_status":"closed","ping_status":"closed","template":"","meta":{"footnotes":""},"class_list":{"0":"post-459","1":"page","2":"type-page","3":"status-publish","5":"infinite-scroll-item"},"yoast_head":"<!-- This site is optimized with the Yoast SEO plugin v24.6 - https:\/\/yoast.com\/wordpress\/plugins\/seo\/ -->\n<title>\u00d6ffnen - Vollmacht Rechtsanwalt Formular - Vollmacht Formular<\/title>\n<meta name=\"robots\" content=\"noindex, follow\" \/>\n<meta property=\"og:locale\" content=\"de_DE\" \/>\n<meta property=\"og:type\" content=\"article\" \/>\n<meta property=\"og:title\" content=\"\u00d6ffnen - Vollmacht Rechtsanwalt Formular - Vollmacht Formular\" \/>\n<meta property=\"og:description\" content=\"Muster und Vorlage f\u00fcr Vollmacht Rechtsanwalt Formular &#8211; \u00d6ffnen und Ausf\u00fcllen im WORD\u2013 und PDF-Format Vollmacht Rechtsanwalt Vorlage &#8211; Muster ... \u00d6ffnen\" \/>\n<meta property=\"og:url\" content=\"https:\/\/vollmacthformular.com\/de\/vollmacht-rechtsanwalt-offnen\/\" \/>\n<meta property=\"og:site_name\" content=\"Vollmacht Formular\" \/>\n<meta property=\"og:image\" content=\"https:\/\/vollmacthformular.com\/de\/wp-content\/uploads\/vollmacht-rechtsanwalt-formular.jpg\" \/>\n<meta name=\"twitter:card\" content=\"summary_large_image\" \/>\n<meta name=\"twitter:label1\" content=\"Gesch\u00e4tzte Lesezeit\" \/>\n\t<meta name=\"twitter:data1\" content=\"1\u00a0Minute\" \/>\n<script type=\"application\/ld+json\" class=\"yoast-schema-graph\">{\"@context\":\"https:\/\/schema.org\",\"@graph\":[{\"@type\":\"WebPage\",\"@id\":\"https:\/\/vollmacthformular.com\/de\/vollmacht-rechtsanwalt-offnen\/\",\"url\":\"https:\/\/vollmacthformular.com\/de\/vollmacht-rechtsanwalt-offnen\/\",\"name\":\"\u00d6ffnen - Vollmacht Rechtsanwalt Formular - Vollmacht Formular\",\"isPartOf\":{\"@id\":\"https:\/\/vollmacthformular.com\/de\/#website\"},\"primaryImageOfPage\":{\"@id\":\"https:\/\/vollmacthformular.com\/de\/vollmacht-rechtsanwalt-offnen\/#primaryimage\"},\"image\":{\"@id\":\"https:\/\/vollmacthformular.com\/de\/vollmacht-rechtsanwalt-offnen\/#primaryimage\"},\"thumbnailUrl\":\"https:\/\/vollmacthformular.com\/de\/wp-content\/uploads\/vollmacht-rechtsanwalt-formular.jpg\",\"datePublished\":\"2023-12-21T11:46:57+00:00\",\"breadcrumb\":{\"@id\":\"https:\/\/vollmacthformular.com\/de\/vollmacht-rechtsanwalt-offnen\/#breadcrumb\"},\"inLanguage\":\"de\",\"potentialAction\":[{\"@type\":\"ReadAction\",\"target\":[\"https:\/\/vollmacthformular.com\/de\/vollmacht-rechtsanwalt-offnen\/\"]}]},{\"@type\":\"ImageObject\",\"inLanguage\":\"de\",\"@id\":\"https:\/\/vollmacthformular.com\/de\/vollmacht-rechtsanwalt-offnen\/#primaryimage\",\"url\":\"https:\/\/vollmacthformular.com\/de\/wp-content\/uploads\/adac-vollmacht-auto-ausland-formular.jpg\",\"contentUrl\":\"https:\/\/vollmacthformular.com\/de\/wp-content\/uploads\/adac-vollmacht-auto-ausland-formular.jpg\",\"width\":1410,\"height\":2250},{\"@type\":\"BreadcrumbList\",\"@id\":\"https:\/\/vollmacthformular.com\/de\/vollmacht-rechtsanwalt-offnen\/#breadcrumb\",\"itemListElement\":[{\"@type\":\"ListItem\",\"position\":1,\"name\":\"Portada\",\"item\":\"https:\/\/vollmacthformular.com\/de\/\"},{\"@type\":\"ListItem\",\"position\":2,\"name\":\"\u00d6ffnen &#8211; Vollmacht Rechtsanwalt Formular\"}]},{\"@type\":\"WebSite\",\"@id\":\"https:\/\/vollmacthformular.com\/de\/#website\",\"url\":\"https:\/\/vollmacthformular.com\/de\/\",\"name\":\"Vollmacht Formular\",\"description\":\"Vorlage und Muster\",\"publisher\":{\"@id\":\"https:\/\/vollmacthformular.com\/de\/#organization\"},\"potentialAction\":[{\"@type\":\"SearchAction\",\"target\":{\"@type\":\"EntryPoint\",\"urlTemplate\":\"https:\/\/vollmacthformular.com\/de\/?s={search_term_string}\"},\"query-input\":{\"@type\":\"PropertyValueSpecification\",\"valueRequired\":true,\"valueName\":\"search_term_string\"}}],\"inLanguage\":\"de\"},{\"@type\":\"Organization\",\"@id\":\"https:\/\/vollmacthformular.com\/de\/#organization\",\"name\":\"Vollmacht Formular\",\"url\":\"https:\/\/vollmacthformular.com\/de\/\",\"logo\":{\"@type\":\"ImageObject\",\"inLanguage\":\"de\",\"@id\":\"https:\/\/vollmacthformular.com\/de\/#\/schema\/logo\/image\/\",\"url\":\"https:\/\/vollmacthformular.com\/de\/wp-content\/uploads\/cropped-fav.png\",\"contentUrl\":\"https:\/\/vollmacthformular.com\/de\/wp-content\/uploads\/cropped-fav.png\",\"width\":512,\"height\":512,\"caption\":\"Vollmacht Formular\"},\"image\":{\"@id\":\"https:\/\/vollmacthformular.com\/de\/#\/schema\/logo\/image\/\"}}]}<\/script>\n<!-- \/ Yoast SEO plugin. -->","yoast_head_json":{"title":"\u00d6ffnen - Vollmacht Rechtsanwalt Formular - Vollmacht Formular","robots":{"index":"noindex","follow":"follow"},"og_locale":"de_DE","og_type":"article","og_title":"\u00d6ffnen - Vollmacht Rechtsanwalt Formular - Vollmacht Formular","og_description":"Muster und Vorlage f\u00fcr Vollmacht Rechtsanwalt Formular &#8211; \u00d6ffnen und Ausf\u00fcllen im WORD\u2013 und PDF-Format Vollmacht Rechtsanwalt Vorlage &#8211; Muster ... \u00d6ffnen","og_url":"https:\/\/vollmacthformular.com\/de\/vollmacht-rechtsanwalt-offnen\/","og_site_name":"Vollmacht Formular","og_image":[{"url":"https:\/\/vollmacthformular.com\/de\/wp-content\/uploads\/vollmacht-rechtsanwalt-formular.jpg","type":"","width":"","height":""}],"twitter_card":"summary_large_image","twitter_misc":{"Gesch\u00e4tzte Lesezeit":"1\u00a0Minute"},"schema":{"@context":"https:\/\/schema.org","@graph":[{"@type":"WebPage","@id":"https:\/\/vollmacthformular.com\/de\/vollmacht-rechtsanwalt-offnen\/","url":"https:\/\/vollmacthformular.com\/de\/vollmacht-rechtsanwalt-offnen\/","name":"\u00d6ffnen - Vollmacht Rechtsanwalt Formular - Vollmacht Formular","isPartOf":{"@id":"https:\/\/vollmacthformular.com\/de\/#website"},"primaryImageOfPage":{"@id":"https:\/\/vollmacthformular.com\/de\/vollmacht-rechtsanwalt-offnen\/#primaryimage"},"image":{"@id":"https:\/\/vollmacthformular.com\/de\/vollmacht-rechtsanwalt-offnen\/#primaryimage"},"thumbnailUrl":"https:\/\/vollmacthformular.com\/de\/wp-content\/uploads\/vollmacht-rechtsanwalt-formular.jpg","datePublished":"2023-12-21T11:46:57+00:00","breadcrumb":{"@id":"https:\/\/vollmacthformular.com\/de\/vollmacht-rechtsanwalt-offnen\/#breadcrumb"},"inLanguage":"de","potentialAction":[{"@type":"ReadAction","target":["https:\/\/vollmacthformular.com\/de\/vollmacht-rechtsanwalt-offnen\/"]}]},{"@type":"ImageObject","inLanguage":"de","@id":"https:\/\/vollmacthformular.com\/de\/vollmacht-rechtsanwalt-offnen\/#primaryimage","url":"https:\/\/vollmacthformular.com\/de\/wp-content\/uploads\/adac-vollmacht-auto-ausland-formular.jpg","contentUrl":"https:\/\/vollmacthformular.com\/de\/wp-content\/uploads\/adac-vollmacht-auto-ausland-formular.jpg","width":1410,"height":2250},{"@type":"BreadcrumbList","@id":"https:\/\/vollmacthformular.com\/de\/vollmacht-rechtsanwalt-offnen\/#breadcrumb","itemListElement":[{"@type":"ListItem","position":1,"name":"Portada","item":"https:\/\/vollmacthformular.com\/de\/"},{"@type":"ListItem","position":2,"name":"\u00d6ffnen &#8211; Vollmacht Rechtsanwalt Formular"}]},{"@type":"WebSite","@id":"https:\/\/vollmacthformular.com\/de\/#website","url":"https:\/\/vollmacthformular.com\/de\/","name":"Vollmacht Formular","description":"Vorlage und Muster","publisher":{"@id":"https:\/\/vollmacthformular.com\/de\/#organization"},"potentialAction":[{"@type":"SearchAction","target":{"@type":"EntryPoint","urlTemplate":"https:\/\/vollmacthformular.com\/de\/?s={search_term_string}"},"query-input":{"@type":"PropertyValueSpecification","valueRequired":true,"valueName":"search_term_string"}}],"inLanguage":"de"},{"@type":"Organization","@id":"https:\/\/vollmacthformular.com\/de\/#organization","name":"Vollmacht Formular","url":"https:\/\/vollmacthformular.com\/de\/","logo":{"@type":"ImageObject","inLanguage":"de","@id":"https:\/\/vollmacthformular.com\/de\/#\/schema\/logo\/image\/","url":"https:\/\/vollmacthformular.com\/de\/wp-content\/uploads\/cropped-fav.png","contentUrl":"https:\/\/vollmacthformular.com\/de\/wp-content\/uploads\/cropped-fav.png","width":512,"height":512,"caption":"Vollmacht Formular"},"image":{"@id":"https:\/\/vollmacthformular.com\/de\/#\/schema\/logo\/image\/"}}]}},"_links":{"self":[{"href":"https:\/\/vollmacthformular.com\/de\/wp-json\/wp\/v2\/pages\/459","targetHints":{"allow":["GET"]}}],"collection":[{"href":"https:\/\/vollmacthformular.com\/de\/wp-json\/wp\/v2\/pages"}],"about":[{"href":"https:\/\/vollmacthformular.com\/de\/wp-json\/wp\/v2\/types\/page"}],"author":[{"embeddable":true,"href":"https:\/\/vollmacthformular.com\/de\/wp-json\/wp\/v2\/users\/1"}],"replies":[{"embeddable":true,"href":"https:\/\/vollmacthformular.com\/de\/wp-json\/wp\/v2\/comments?post=459"}],"version-history":[{"count":0,"href":"https:\/\/vollmacthformular.com\/de\/wp-json\/wp\/v2\/pages\/459\/revisions"}],"wp:attachment":[{"href":"https:\/\/vollmacthformular.com\/de\/wp-json\/wp\/v2\/media?parent=459"}],"curies":[{"name":"wp","href":"https:\/\/api.w.org\/{rel}","templated":true}]}}