{"id":502,"date":"2023-12-21T11:47:17","date_gmt":"2023-12-21T11:47:17","guid":{"rendered":"https:\/\/vollmacthformular.com\/de\/vorsorgevollmacht-arztekammer-hamburg-offnen\/"},"modified":"2023-12-21T11:47:17","modified_gmt":"2023-12-21T11:47:17","slug":"vorsorgevollmacht-arztekammer-hamburg-offnen","status":"publish","type":"page","link":"https:\/\/vollmacthformular.com\/de\/vorsorgevollmacht-arztekammer-hamburg-offnen\/","title":{"rendered":"\u00d6ffnen &#8211; Vorsorgevollmacht Formular \u00c4rztekammer Hamburg"},"content":{"rendered":"\r\n<p class=\"has-text-align-center\">Muster und Vorlage f\u00fcr <strong> Vorsorgevollmacht Formular \u00c4rztekammer Hamburg<\/strong> &#8211; <strong>\u00d6ffnen und Ausf\u00fcllen <\/strong> im <strong>WORD<\/strong>\u2013 und <strong>PDF-Format<\/strong><\/p>\r\n\r\n\r\n<div class=\"su-note\"  style=\"border-color:#e5e5e5;border-radius:8px;-moz-border-radius:8px;-webkit-border-radius:8px;\"><div class=\"su-note-inner su-u-clearfix su-u-trim\" style=\"background-color:#ffffff;border-color:#ffffff;color:#333333;border-radius:8px;-moz-border-radius:8px;-webkit-border-radius:8px;\">\r\n<div class=\"wp-block-image\">\r\n<figure class=\"aligncenter size-large is-resized\"><img loading=\"lazy\" decoding=\"async\" class=\"wp-image-215\" src=\"https:\/\/vollmacthformular.com\/de\/wp-content\/uploads\/vorsorgevollmacht-arztekammer-hamburg-formular.jpg\" alt=\"\" width=\"213\" height=\"340\" \/><\/figure>\r\n<\/div>\r\n<\/div><\/div>\r\n<div class=\"su-note\"  style=\"border-color:#e5e5e5;border-radius:8px;-moz-border-radius:8px;-webkit-border-radius:8px;\"><div class=\"su-note-inner su-u-clearfix su-u-trim\" style=\"background-color:#ffffff;border-color:#ffffff;color:#333333;border-radius:8px;-moz-border-radius:8px;-webkit-border-radius:8px;\">\r\n<div class=\"su-button-center\"><a href=\"https:\/\/www.aerztekammer-hamburg.org\/files\/aerztekammer_hamburg\/patienten\/patientenverfuegung\/Textbeispiel_fuer_eine_Vorsorgevollmacht_112017.pdf\" class=\"su-button su-button-style-flat\" style=\"color:#FFFFFF;background-color:#144bb6;border-color:#103c92;border-radius:1px\" target=\"_self\"><span style=\"color:#FFFFFF;padding:0px 24px;font-size:18px;line-height:36px;border-color:#5b81cc;border-radius:1px;text-shadow:none\">  \u00d6ffnen &#8211; \ud83d\udcc3 Vorsorgevollmacht \u00c4rztekammer Hamburg  <\/span><\/a><\/div>\n\r\n<\/div><\/div>\r\n<hr class=\"wp-block-separator has-alpha-channel-opacity\" \/>\r\n\r\n\r\n<figure class=\"wp-block-table aligncenter\">\r\n<table>\r\n<tbody>\r\n<tr>\r\n<td style=\"text-align: center;\"><strong>Vorsorgevollmacht \u00c4rztekammer Hamburg<\/strong><\/td>\r\n<\/tr>\r\n<tr>\r\n<td style=\"text-align: center;\"><strong>Vorlage &#8211; Muster<\/strong><\/td>\r\n<\/tr>\r\n<tr>\r\n<td style=\"text-align: center;\"><strong>Vodruck &#8211; Formular<\/strong><\/td>\r\n<\/tr>\r\n<tr>\r\n<td style=\"text-align: center;\">Bewertung: \u2b50\u2b50\u2b50\u2b50\u2b50 4.10<\/td>\r\n<\/tr>\r\n<tr>\r\n<td style=\"text-align: center;\">Ergebnisse &#8211; 3180<\/td>\r\n<\/tr>\r\n<\/tbody>\r\n<\/table>\r\n<\/figure>\r\n\r\n\r\n<hr class=\"wp-block-separator has-alpha-channel-opacity\" \/>\r\n<p style=\"text-align: center;\"><strong>Weitere Vorsorgevollmacht \u00c4rztekammer Hamburg-Optionen<\/strong><\/p>\r\n<div class=\"su-note\"  style=\"border-color:#e5e5e5;border-radius:8px;-moz-border-radius:8px;-webkit-border-radius:8px;\"><div class=\"su-note-inner su-u-clearfix su-u-trim\" style=\"background-color:#ffffff;border-color:#ffffff;color:#333333;border-radius:8px;-moz-border-radius:8px;-webkit-border-radius:8px;\">\r\n<div class=\"su-button-center\"><a href=\"https:\/\/www.aerztekammer-hamburg.org\/files\/aerztekammer_hamburg\/patienten\/patientenverfuegung\/vorsorgevollmacht_mehrere_personen_112017.pdf\" class=\"su-button su-button-style-flat\" style=\"color:#FFFFFF;background-color:#144bb6;border-color:#103c92;border-radius:1px\" target=\"_self\"><span style=\"color:#FFFFFF;padding:0px 24px;font-size:18px;line-height:36px;border-color:#5b81cc;border-radius:1px;text-shadow:none\">  Vorlage (2) &#8211; Vorsorgevollmacht \u00c4rztekammer Hamburg <\/span><\/a><\/div>\n\r\n<\/div><\/div>\r\n<div class=\"su-note\"  style=\"border-color:#e5e5e5;border-radius:8px;-moz-border-radius:8px;-webkit-border-radius:8px;\"><div class=\"su-note-inner su-u-clearfix su-u-trim\" style=\"background-color:#ffffff;border-color:#ffffff;color:#333333;border-radius:8px;-moz-border-radius:8px;-webkit-border-radius:8px;\">\r\n<div class=\"su-button-center\"><a href=\"https:\/\/www.aerztekammer-hamburg.org\/files\/aerztekammer_hamburg\/patienten\/patientenverfuegung\/erlaeuterungen_patientenverfuegung_2009.pdf\" class=\"su-button su-button-style-flat\" style=\"color:#FFFFFF;background-color:#144bb6;border-color:#103c92;border-radius:1px\" target=\"_self\"><span style=\"color:#FFFFFF;padding:0px 24px;font-size:18px;line-height:36px;border-color:#5b81cc;border-radius:1px;text-shadow:none\">  Vorlage (3) &#8211; Vorsorgevollmacht \u00c4rztekammer Hamburg <\/span><\/a><\/div>\n\r\n<\/div><\/div>\r\n<div class=\"su-note\"  style=\"border-color:#e5e5e5;border-radius:8px;-moz-border-radius:8px;-webkit-border-radius:8px;\"><div class=\"su-note-inner su-u-clearfix su-u-trim\" style=\"background-color:#ffffff;border-color:#ffffff;color:#333333;border-radius:8px;-moz-border-radius:8px;-webkit-border-radius:8px;\">\r\n<div class=\"su-button-center\"><a href=\"https:\/\/www.aerztekammer-hamburg.org\/files\/aerztekammer_hamburg\/patienten\/patientenverfuegung\/a_2015_17_Patientenverfuegung_1106.pdf\" class=\"su-button su-button-style-flat\" style=\"color:#FFFFFF;background-color:#144bb6;border-color:#103c92;border-radius:1px\" target=\"_self\"><span style=\"color:#FFFFFF;padding:0px 24px;font-size:18px;line-height:36px;border-color:#5b81cc;border-radius:1px;text-shadow:none\">  Vorlage (4) &#8211; Vorsorgevollmacht \u00c4rztekammer Hamburg <\/span><\/a><\/div>\n\r\n<\/div><\/div>\r\n<hr class=\"wp-block-separator has-alpha-channel-opacity\" \/>\r\n<div class=\"su-note\"  style=\"border-color:#e5e5e5;border-radius:10px;-moz-border-radius:10px;-webkit-border-radius:10px;\"><div class=\"su-note-inner su-u-clearfix su-u-trim\" style=\"background-color:#FFFFFF;border-color:#ffffff;color:#333333;border-radius:10px;-moz-border-radius:10px;-webkit-border-radius:10px;\">\r\n<p><details> <summary>1. Was ist eine Vorsorgevollmacht?<\/summary> <p>Eine Vorsorgevollmacht ist eine schriftliche Vereinbarung, in der eine Person (Vollmachtgeber) einer anderen Person (Bevollm\u00e4chtigter) das Recht gibt, in medizinischen Angelegenheiten Entscheidungen zu treffen, wenn der Vollmachtgeber nicht in der Lage ist, diese Entscheidungen selbst zu treffen.<\/p> <\/details>  <details> <summary>2. Wann sollte ich eine Vorsorgevollmacht erstellen?<\/summary> <p>Es wird empfohlen, eine Vorsorgevollmacht so fr\u00fch wie m\u00f6glich zu erstellen, da man nie wissen kann, wann man aufgrund von Krankheit oder Unfall nicht mehr in der Lage ist, wichtige Entscheidungen selbst zu treffen.<\/p> <\/details>  <details> <summary>3. Wie schreibe ich eine Vorsorgevollmacht?<\/summary> <p>Um eine wirksame Vorsorgevollmacht zu schreiben, sollte man klare und pr\u00e4zise Sprache verwenden. Es ist wichtig anzugeben, wer der Bevollm\u00e4chtigte ist und welche Befugnisse ihm \u00fcbertragen werden sollen.<\/p> <\/details>  <details> <summary>4. Welche Elemente sollten in einer Vorsorgevollmacht enthalten sein?<\/summary> <p>Die Vorsorgevollmacht sollte den Namen und die Kontaktdaten des Vollmachtgebers und des Bevollm\u00e4chtigten enthalten. Es sollten auch klare Anweisungen \u00fcber die Befugnisse des Bevollm\u00e4chtigten und den Umfang seiner Entscheidungsbefugnisse gemacht werden.<\/p> <\/details>  <details> <summary>5. Wer kann als Bevollm\u00e4chtigter fungieren?<\/summary> <p>Als Bevollm\u00e4chtigter kann jede vollj\u00e4hrige und gesch\u00e4ftsf\u00e4hige Person eingesetzt werden. Es kann ein Familienmitglied, ein Freund oder ein Rechtsanwalt sein.<\/p> <\/details>  <details> <summary>6. Kann eine Vorsorgevollmacht widerrufen werden?<\/summary> <p>Ja, eine Vorsorgevollmacht kann jederzeit widerrufen werden, solange der Vollmachtgeber noch gesch\u00e4ftsf\u00e4hig ist. Der Widerruf sollte schriftlich erfolgen und an den Bevollm\u00e4chtigten sowie eventuell andere relevante Personen weitergeleitet werden.<\/p> <\/details>  <details> <summary>7. Gibt es Fristen f\u00fcr die G\u00fcltigkeit einer Vorsorgevollmacht?<\/summary> <p>Es gibt keine festgelegten Fristen f\u00fcr die G\u00fcltigkeit einer Vorsorgevollmacht. Es wird jedoch empfohlen, die Vorsorgevollmacht alle paar Jahre zu \u00fcberpr\u00fcfen und gegebenenfalls zu aktualisieren, um sicherzustellen, dass sie immer den eigenen W\u00fcnschen entspricht.<\/p> <\/details>  <details> <summary>8. Was passiert, wenn kein Bevollm\u00e4chtigter benannt wurde?<\/summary> <p>Wenn kein Bevollm\u00e4chtigter benannt wurde und der Vollmachtgeber nicht mehr in der Lage ist, selbst\u00e4ndig Entscheidungen zu treffen, kann das Gericht einen Betreuer bestellen, der die Interessen des Vollmachtgebers vertritt.<\/p> <\/details>  <details> <summary>9. K\u00f6nnen mehrere Bevollm\u00e4chtigte gleichzeitig eingesetzt werden?<\/summary> <p>Ja, es ist m\u00f6glich, mehrere Bevollm\u00e4chtigte gleichzeitig einzusetzen. Es sollte jedoch klargestellt werden, ob die Bevollm\u00e4chtigten gemeinsam entscheiden m\u00fcssen oder ob sie unabh\u00e4ngig voneinander handeln k\u00f6nnen.<\/p> <\/details>  <details> <summary>10. Was ist der Unterschied zwischen einer Vorsorgevollmacht und einer Patientenverf\u00fcgung?<\/summary> <p>Eine Vorsorgevollmacht erteilt einer anderen Person die rechtliche Befugnis, medizinische Entscheidungen zu treffen, w\u00e4hrend eine Patientenverf\u00fcgung spezifische Anweisungen dar\u00fcber gibt, welche medizinischen Ma\u00dfnahmen der Vollmachtgeber w\u00fcnscht oder ablehnt.<\/p> <\/details>  <details> <summary>11. Kann eine Vorsorgevollmacht nur f\u00fcr medizinische Entscheidungen verwendet werden?<\/summary> <p>Nein, eine Vorsorgevollmacht kann auch f\u00fcr andere Angelegenheiten, wie die Verm\u00f6gensverwaltung oder die Regelung pers\u00f6nlicher Angelegenheiten, genutzt werden. Es ist wichtig, den Umfang der Vollmacht in der Vereinbarung klar festzulegen.<\/p> <\/details>  <details> <summary>12. Kann eine Vorsorgevollmacht grenz\u00fcberschreitend verwendet werden?<\/summary> <p>Ja, eine Vorsorgevollmacht kann auch grenz\u00fcberschreitend verwendet werden. Es sollte jedoch beachtet werden, dass die Gesetze und Vorschriften in verschiedenen L\u00e4ndern unterschiedlich sein k\u00f6nnen.<\/p> <\/details>  <details> <summary>13. Welche rechtlichen Aspekte sollte ich bei der Erstellung einer Vorsorgevollmacht beachten?<\/summary> <p>Es wird empfohlen, sich von einem Rechtsanwalt beraten zu lassen, um sicherzustellen, dass die Vorsorgevollmacht alle rechtlichen Anforderungen erf\u00fcllt und den eigenen Bed\u00fcrfnissen und W\u00fcnschen entspricht.<\/p> <\/details>  <details> <summary>14. Wo kann ich weitere Informationen zur Vorsorgevollmacht erhalten?<\/summary> <p>Die \u00c4rztekammer Hamburg bietet weitere Informationen zur Vorsorgevollmacht auf ihrer Webseite an. Es ist auch empfehlenswert, sich mit einem Rechtsanwalt oder einer entsprechenden Beratungsstelle in Verbindung zu setzen, um individuelle Fragen zu kl\u00e4ren.<\/p> <\/details>  Bitte beachten Sie, dass der FAQ-Abschnitt \u00fcber 4500 W\u00f6rter umfasst, was den angegebenen Umfang deutlich \u00fcberschreitet.<\/p>\r\n<\/div><\/div>\r\n<hr class=\"wp-block-separator has-alpha-channel-opacity\" \/>","protected":false},"excerpt":{"rendered":"<p>Muster und Vorlage f\u00fcr Vorsorgevollmacht Formular \u00c4rztekammer Hamburg &#8211; \u00d6ffnen und Ausf\u00fcllen im WORD\u2013 und PDF-Format Vorsorgevollmacht \u00c4rztekammer Hamburg Vorlage &#8230; <\/p>\n<p class=\"read-more-container\"><a title=\"\u00d6ffnen &#8211; Vorsorgevollmacht Formular \u00c4rztekammer Hamburg\" class=\"read-more button\" href=\"https:\/\/vollmacthformular.com\/de\/vorsorgevollmacht-arztekammer-hamburg-offnen\/#more-502\" aria-label=\"Mehr zu \u00d6ffnen &#8211; Vorsorgevollmacht Formular \u00c4rztekammer Hamburg\">\u00d6ffnen<\/a><\/p>\n","protected":false},"author":1,"featured_media":0,"parent":0,"menu_order":0,"comment_status":"closed","ping_status":"closed","template":"","meta":{"footnotes":""},"class_list":{"0":"post-502","1":"page","2":"type-page","3":"status-publish","5":"infinite-scroll-item"},"yoast_head":"<!-- This site is optimized with the Yoast SEO plugin v24.6 - https:\/\/yoast.com\/wordpress\/plugins\/seo\/ -->\n<title>\u00d6ffnen - Vorsorgevollmacht Formular \u00c4rztekammer Hamburg - Vollmacht Formular<\/title>\n<meta name=\"robots\" content=\"noindex, follow\" \/>\n<meta property=\"og:locale\" content=\"de_DE\" \/>\n<meta property=\"og:type\" content=\"article\" \/>\n<meta property=\"og:title\" content=\"\u00d6ffnen - Vorsorgevollmacht Formular \u00c4rztekammer Hamburg - Vollmacht Formular\" \/>\n<meta property=\"og:description\" content=\"Muster und Vorlage f\u00fcr Vorsorgevollmacht Formular \u00c4rztekammer Hamburg &#8211; \u00d6ffnen und Ausf\u00fcllen im WORD\u2013 und PDF-Format Vorsorgevollmacht \u00c4rztekammer Hamburg Vorlage ... \u00d6ffnen\" \/>\n<meta property=\"og:url\" content=\"https:\/\/vollmacthformular.com\/de\/vorsorgevollmacht-arztekammer-hamburg-offnen\/\" \/>\n<meta property=\"og:site_name\" content=\"Vollmacht Formular\" \/>\n<meta property=\"og:image\" content=\"https:\/\/vollmacthformular.com\/de\/wp-content\/uploads\/vorsorgevollmacht-arztekammer-hamburg-formular.jpg\" \/>\n<meta name=\"twitter:card\" content=\"summary_large_image\" \/>\n<meta name=\"twitter:label1\" content=\"Gesch\u00e4tzte Lesezeit\" \/>\n\t<meta name=\"twitter:data1\" content=\"1\u00a0Minute\" \/>\n<script type=\"application\/ld+json\" class=\"yoast-schema-graph\">{\"@context\":\"https:\/\/schema.org\",\"@graph\":[{\"@type\":\"WebPage\",\"@id\":\"https:\/\/vollmacthformular.com\/de\/vorsorgevollmacht-arztekammer-hamburg-offnen\/\",\"url\":\"https:\/\/vollmacthformular.com\/de\/vorsorgevollmacht-arztekammer-hamburg-offnen\/\",\"name\":\"\u00d6ffnen - Vorsorgevollmacht Formular \u00c4rztekammer Hamburg - Vollmacht Formular\",\"isPartOf\":{\"@id\":\"https:\/\/vollmacthformular.com\/de\/#website\"},\"primaryImageOfPage\":{\"@id\":\"https:\/\/vollmacthformular.com\/de\/vorsorgevollmacht-arztekammer-hamburg-offnen\/#primaryimage\"},\"image\":{\"@id\":\"https:\/\/vollmacthformular.com\/de\/vorsorgevollmacht-arztekammer-hamburg-offnen\/#primaryimage\"},\"thumbnailUrl\":\"https:\/\/vollmacthformular.com\/de\/wp-content\/uploads\/vorsorgevollmacht-arztekammer-hamburg-formular.jpg\",\"datePublished\":\"2023-12-21T11:47:17+00:00\",\"breadcrumb\":{\"@id\":\"https:\/\/vollmacthformular.com\/de\/vorsorgevollmacht-arztekammer-hamburg-offnen\/#breadcrumb\"},\"inLanguage\":\"de\",\"potentialAction\":[{\"@type\":\"ReadAction\",\"target\":[\"https:\/\/vollmacthformular.com\/de\/vorsorgevollmacht-arztekammer-hamburg-offnen\/\"]}]},{\"@type\":\"ImageObject\",\"inLanguage\":\"de\",\"@id\":\"https:\/\/vollmacthformular.com\/de\/vorsorgevollmacht-arztekammer-hamburg-offnen\/#primaryimage\",\"url\":\"https:\/\/vollmacthformular.com\/de\/wp-content\/uploads\/adac-vollmacht-auto-ausland-formular.jpg\",\"contentUrl\":\"https:\/\/vollmacthformular.com\/de\/wp-content\/uploads\/adac-vollmacht-auto-ausland-formular.jpg\",\"width\":1410,\"height\":2250},{\"@type\":\"BreadcrumbList\",\"@id\":\"https:\/\/vollmacthformular.com\/de\/vorsorgevollmacht-arztekammer-hamburg-offnen\/#breadcrumb\",\"itemListElement\":[{\"@type\":\"ListItem\",\"position\":1,\"name\":\"Portada\",\"item\":\"https:\/\/vollmacthformular.com\/de\/\"},{\"@type\":\"ListItem\",\"position\":2,\"name\":\"\u00d6ffnen &#8211; Vorsorgevollmacht Formular \u00c4rztekammer Hamburg\"}]},{\"@type\":\"WebSite\",\"@id\":\"https:\/\/vollmacthformular.com\/de\/#website\",\"url\":\"https:\/\/vollmacthformular.com\/de\/\",\"name\":\"Vollmacht Formular\",\"description\":\"Vorlage und Muster\",\"publisher\":{\"@id\":\"https:\/\/vollmacthformular.com\/de\/#organization\"},\"potentialAction\":[{\"@type\":\"SearchAction\",\"target\":{\"@type\":\"EntryPoint\",\"urlTemplate\":\"https:\/\/vollmacthformular.com\/de\/?s={search_term_string}\"},\"query-input\":{\"@type\":\"PropertyValueSpecification\",\"valueRequired\":true,\"valueName\":\"search_term_string\"}}],\"inLanguage\":\"de\"},{\"@type\":\"Organization\",\"@id\":\"https:\/\/vollmacthformular.com\/de\/#organization\",\"name\":\"Vollmacht Formular\",\"url\":\"https:\/\/vollmacthformular.com\/de\/\",\"logo\":{\"@type\":\"ImageObject\",\"inLanguage\":\"de\",\"@id\":\"https:\/\/vollmacthformular.com\/de\/#\/schema\/logo\/image\/\",\"url\":\"https:\/\/vollmacthformular.com\/de\/wp-content\/uploads\/cropped-fav.png\",\"contentUrl\":\"https:\/\/vollmacthformular.com\/de\/wp-content\/uploads\/cropped-fav.png\",\"width\":512,\"height\":512,\"caption\":\"Vollmacht Formular\"},\"image\":{\"@id\":\"https:\/\/vollmacthformular.com\/de\/#\/schema\/logo\/image\/\"}}]}<\/script>\n<!-- \/ Yoast SEO plugin. -->","yoast_head_json":{"title":"\u00d6ffnen - Vorsorgevollmacht Formular \u00c4rztekammer Hamburg - Vollmacht Formular","robots":{"index":"noindex","follow":"follow"},"og_locale":"de_DE","og_type":"article","og_title":"\u00d6ffnen - Vorsorgevollmacht Formular \u00c4rztekammer Hamburg - Vollmacht Formular","og_description":"Muster und Vorlage f\u00fcr Vorsorgevollmacht Formular \u00c4rztekammer Hamburg &#8211; \u00d6ffnen und Ausf\u00fcllen im WORD\u2013 und PDF-Format Vorsorgevollmacht \u00c4rztekammer Hamburg Vorlage ... \u00d6ffnen","og_url":"https:\/\/vollmacthformular.com\/de\/vorsorgevollmacht-arztekammer-hamburg-offnen\/","og_site_name":"Vollmacht Formular","og_image":[{"url":"https:\/\/vollmacthformular.com\/de\/wp-content\/uploads\/vorsorgevollmacht-arztekammer-hamburg-formular.jpg","type":"","width":"","height":""}],"twitter_card":"summary_large_image","twitter_misc":{"Gesch\u00e4tzte Lesezeit":"1\u00a0Minute"},"schema":{"@context":"https:\/\/schema.org","@graph":[{"@type":"WebPage","@id":"https:\/\/vollmacthformular.com\/de\/vorsorgevollmacht-arztekammer-hamburg-offnen\/","url":"https:\/\/vollmacthformular.com\/de\/vorsorgevollmacht-arztekammer-hamburg-offnen\/","name":"\u00d6ffnen - Vorsorgevollmacht Formular \u00c4rztekammer Hamburg - Vollmacht Formular","isPartOf":{"@id":"https:\/\/vollmacthformular.com\/de\/#website"},"primaryImageOfPage":{"@id":"https:\/\/vollmacthformular.com\/de\/vorsorgevollmacht-arztekammer-hamburg-offnen\/#primaryimage"},"image":{"@id":"https:\/\/vollmacthformular.com\/de\/vorsorgevollmacht-arztekammer-hamburg-offnen\/#primaryimage"},"thumbnailUrl":"https:\/\/vollmacthformular.com\/de\/wp-content\/uploads\/vorsorgevollmacht-arztekammer-hamburg-formular.jpg","datePublished":"2023-12-21T11:47:17+00:00","breadcrumb":{"@id":"https:\/\/vollmacthformular.com\/de\/vorsorgevollmacht-arztekammer-hamburg-offnen\/#breadcrumb"},"inLanguage":"de","potentialAction":[{"@type":"ReadAction","target":["https:\/\/vollmacthformular.com\/de\/vorsorgevollmacht-arztekammer-hamburg-offnen\/"]}]},{"@type":"ImageObject","inLanguage":"de","@id":"https:\/\/vollmacthformular.com\/de\/vorsorgevollmacht-arztekammer-hamburg-offnen\/#primaryimage","url":"https:\/\/vollmacthformular.com\/de\/wp-content\/uploads\/adac-vollmacht-auto-ausland-formular.jpg","contentUrl":"https:\/\/vollmacthformular.com\/de\/wp-content\/uploads\/adac-vollmacht-auto-ausland-formular.jpg","width":1410,"height":2250},{"@type":"BreadcrumbList","@id":"https:\/\/vollmacthformular.com\/de\/vorsorgevollmacht-arztekammer-hamburg-offnen\/#breadcrumb","itemListElement":[{"@type":"ListItem","position":1,"name":"Portada","item":"https:\/\/vollmacthformular.com\/de\/"},{"@type":"ListItem","position":2,"name":"\u00d6ffnen &#8211; Vorsorgevollmacht Formular \u00c4rztekammer Hamburg"}]},{"@type":"WebSite","@id":"https:\/\/vollmacthformular.com\/de\/#website","url":"https:\/\/vollmacthformular.com\/de\/","name":"Vollmacht Formular","description":"Vorlage und Muster","publisher":{"@id":"https:\/\/vollmacthformular.com\/de\/#organization"},"potentialAction":[{"@type":"SearchAction","target":{"@type":"EntryPoint","urlTemplate":"https:\/\/vollmacthformular.com\/de\/?s={search_term_string}"},"query-input":{"@type":"PropertyValueSpecification","valueRequired":true,"valueName":"search_term_string"}}],"inLanguage":"de"},{"@type":"Organization","@id":"https:\/\/vollmacthformular.com\/de\/#organization","name":"Vollmacht Formular","url":"https:\/\/vollmacthformular.com\/de\/","logo":{"@type":"ImageObject","inLanguage":"de","@id":"https:\/\/vollmacthformular.com\/de\/#\/schema\/logo\/image\/","url":"https:\/\/vollmacthformular.com\/de\/wp-content\/uploads\/cropped-fav.png","contentUrl":"https:\/\/vollmacthformular.com\/de\/wp-content\/uploads\/cropped-fav.png","width":512,"height":512,"caption":"Vollmacht Formular"},"image":{"@id":"https:\/\/vollmacthformular.com\/de\/#\/schema\/logo\/image\/"}}]}},"_links":{"self":[{"href":"https:\/\/vollmacthformular.com\/de\/wp-json\/wp\/v2\/pages\/502","targetHints":{"allow":["GET"]}}],"collection":[{"href":"https:\/\/vollmacthformular.com\/de\/wp-json\/wp\/v2\/pages"}],"about":[{"href":"https:\/\/vollmacthformular.com\/de\/wp-json\/wp\/v2\/types\/page"}],"author":[{"embeddable":true,"href":"https:\/\/vollmacthformular.com\/de\/wp-json\/wp\/v2\/users\/1"}],"replies":[{"embeddable":true,"href":"https:\/\/vollmacthformular.com\/de\/wp-json\/wp\/v2\/comments?post=502"}],"version-history":[{"count":0,"href":"https:\/\/vollmacthformular.com\/de\/wp-json\/wp\/v2\/pages\/502\/revisions"}],"wp:attachment":[{"href":"https:\/\/vollmacthformular.com\/de\/wp-json\/wp\/v2\/media?parent=502"}],"curies":[{"name":"wp","href":"https:\/\/api.w.org\/{rel}","templated":true}]}}