{"id":540,"date":"2023-12-21T11:47:34","date_gmt":"2023-12-21T11:47:34","guid":{"rendered":"https:\/\/vollmacthformular.com\/de\/verwaltervollmacht-offnen\/"},"modified":"2023-12-21T11:47:34","modified_gmt":"2023-12-21T11:47:34","slug":"verwaltervollmacht-offnen","status":"publish","type":"page","link":"https:\/\/vollmacthformular.com\/de\/verwaltervollmacht-offnen\/","title":{"rendered":"\u00d6ffnen &#8211; Verwaltervollmacht Formular"},"content":{"rendered":"\r\n<p class=\"has-text-align-center\">Vorlage und Muster f\u00fcr <strong> Verwaltervollmacht Formular<\/strong> &#8211; <strong>\u00d6ffnen und Ausf\u00fcllen <\/strong> im <strong>WORD<\/strong>\u2013 und <strong>PDF-Format<\/strong><\/p>\r\n\r\n\r\n<div class=\"su-note\"  style=\"border-color:#e5e5e5;border-radius:8px;-moz-border-radius:8px;-webkit-border-radius:8px;\"><div class=\"su-note-inner su-u-clearfix su-u-trim\" style=\"background-color:#ffffff;border-color:#ffffff;color:#333333;border-radius:8px;-moz-border-radius:8px;-webkit-border-radius:8px;\">\r\n<div class=\"wp-block-image\">\r\n<figure class=\"aligncenter size-large is-resized\"><img loading=\"lazy\" decoding=\"async\" class=\"wp-image-215\" src=\"https:\/\/vollmacthformular.com\/de\/wp-content\/uploads\/verwaltervollmacht-formular.jpg\" alt=\"\" width=\"213\" height=\"340\" \/><\/figure>\r\n<\/div>\r\n<\/div><\/div>\r\n<div class=\"su-note\"  style=\"border-color:#e5e5e5;border-radius:8px;-moz-border-radius:8px;-webkit-border-radius:8px;\"><div class=\"su-note-inner su-u-clearfix su-u-trim\" style=\"background-color:#ffffff;border-color:#ffffff;color:#333333;border-radius:8px;-moz-border-radius:8px;-webkit-border-radius:8px;\">\r\n<div class=\"su-button-center\"><a href=\"https:\/\/www.feba-hausverwaltung.de\/eh-content\/pages\/7146\/files\/autoupload\/dokumente\/vollmacht_mietverwaltung-2.pdf\" class=\"su-button su-button-style-flat\" style=\"color:#FFFFFF;background-color:#144bb6;border-color:#103c92;border-radius:1px\" target=\"_self\"><span style=\"color:#FFFFFF;padding:0px 24px;font-size:18px;line-height:36px;border-color:#5b81cc;border-radius:1px;text-shadow:none\">  \u00d6ffnen &#8211; \ud83d\udcc3 Verwaltervollmacht  <\/span><\/a><\/div>\n\r\n<\/div><\/div>\r\n<hr class=\"wp-block-separator has-alpha-channel-opacity\" \/>\r\n\r\n\r\n<figure class=\"wp-block-table aligncenter\">\r\n<table>\r\n<tbody>\r\n<tr>\r\n<td style=\"text-align: center;\"><strong>Verwaltervollmacht<\/strong><\/td>\r\n<\/tr>\r\n<tr>\r\n<td style=\"text-align: center;\"><strong>Vorlage &#8211; Muster<\/strong><\/td>\r\n<\/tr>\r\n<tr>\r\n<td style=\"text-align: center;\"><strong>Vodruck &#8211; Formular<\/strong><\/td>\r\n<\/tr>\r\n<tr>\r\n<td style=\"text-align: center;\">Bewertung: \u2b50\u2b50\u2b50\u2b50\u2b50 4.41<\/td>\r\n<\/tr>\r\n<tr>\r\n<td style=\"text-align: center;\">Ergebnisse &#8211; 2224<\/td>\r\n<\/tr>\r\n<\/tbody>\r\n<\/table>\r\n<\/figure>\r\n\r\n\r\n<hr class=\"wp-block-separator has-alpha-channel-opacity\" \/>\r\n<p style=\"text-align: center;\"><strong>Weitere Verwaltervollmacht-Optionen<\/strong><\/p>\r\n<div class=\"su-note\"  style=\"border-color:#e5e5e5;border-radius:8px;-moz-border-radius:8px;-webkit-border-radius:8px;\"><div class=\"su-note-inner su-u-clearfix su-u-trim\" style=\"background-color:#ffffff;border-color:#ffffff;color:#333333;border-radius:8px;-moz-border-radius:8px;-webkit-border-radius:8px;\">\r\n<div class=\"su-button-center\"><a href=\"https:\/\/schwarzer-hausverwaltung.de\/wp-content\/uploads\/2018\/06\/Verwaltervollmacht-unget.-Haus-Muster.pdf\" class=\"su-button su-button-style-flat\" style=\"color:#FFFFFF;background-color:#144bb6;border-color:#103c92;border-radius:1px\" target=\"_self\"><span style=\"color:#FFFFFF;padding:0px 24px;font-size:18px;line-height:36px;border-color:#5b81cc;border-radius:1px;text-shadow:none\">  Vorlage (2) &#8211; Verwaltervollmacht <\/span><\/a><\/div>\n\r\n<\/div><\/div>\r\n<div class=\"su-note\"  style=\"border-color:#e5e5e5;border-radius:8px;-moz-border-radius:8px;-webkit-border-radius:8px;\"><div class=\"su-note-inner su-u-clearfix su-u-trim\" style=\"background-color:#ffffff;border-color:#ffffff;color:#333333;border-radius:8px;-moz-border-radius:8px;-webkit-border-radius:8px;\">\r\n<div class=\"su-button-center\"><a href=\"https:\/\/assets.ctfassets.net\/sf9lxgsgcma9\/2zUUXTg2MFqJNQnkCM0Mh3\/d6db4a9cf4e76fb741b8c42c60d6c097\/Verwaltervollmacht_Home_HT_GmbH.pdf\" class=\"su-button su-button-style-flat\" style=\"color:#FFFFFF;background-color:#144bb6;border-color:#103c92;border-radius:1px\" target=\"_self\"><span style=\"color:#FFFFFF;padding:0px 24px;font-size:18px;line-height:36px;border-color:#5b81cc;border-radius:1px;text-shadow:none\">  Vorlage (3) &#8211; Verwaltervollmacht <\/span><\/a><\/div>\n\r\n<\/div><\/div>\r\n<div class=\"su-note\"  style=\"border-color:#e5e5e5;border-radius:8px;-moz-border-radius:8px;-webkit-border-radius:8px;\"><div class=\"su-note-inner su-u-clearfix su-u-trim\" style=\"background-color:#ffffff;border-color:#ffffff;color:#333333;border-radius:8px;-moz-border-radius:8px;-webkit-border-radius:8px;\">\r\n<div class=\"su-button-center\"><a href=\"https:\/\/assets.ctfassets.net\/sf9lxgsgcma9\/2zUUXTg2MFqJNQnkCM0Mh3\/d6db4a9cf4e76fb741b8c42c60d6c097\/Verwaltervollmacht_Home_HT_GmbH.pdf\" class=\"su-button su-button-style-flat\" style=\"color:#FFFFFF;background-color:#144bb6;border-color:#103c92;border-radius:1px\" target=\"_self\"><span style=\"color:#FFFFFF;padding:0px 24px;font-size:18px;line-height:36px;border-color:#5b81cc;border-radius:1px;text-shadow:none\">  Vorlage (4) &#8211; Verwaltervollmacht <\/span><\/a><\/div>\n\r\n<\/div><\/div>\r\n<hr class=\"wp-block-separator has-alpha-channel-opacity\" \/>\r\n<div class=\"su-note\"  style=\"border-color:#e5e5e5;border-radius:10px;-moz-border-radius:10px;-webkit-border-radius:10px;\"><div class=\"su-note-inner su-u-clearfix su-u-trim\" style=\"background-color:#FFFFFF;border-color:#ffffff;color:#333333;border-radius:10px;-moz-border-radius:10px;-webkit-border-radius:10px;\">\r\n<p><p><strong>Frage 1: Was ist eine Verwaltervollmacht?<\/strong><\/p> <details> <summary>Antwort:<\/summary> <p>Eine Verwaltervollmacht ist eine rechtliche Vereinbarung, bei der eine Person (der Verwalter) berechtigt ist, im Namen eines anderen (der Vollmachtgeber) bestimmte Aufgaben zu erledigen. Diese Aufgaben k\u00f6nnen die Verwaltung von Verm\u00f6gen, Eigentum oder anderen rechtlichen Angelegenheiten umfassen.<\/p> <\/details>  <p><strong>Frage 2: Wie schreibe ich eine Verwaltervollmacht?<\/strong><\/p> <details> <summary>Antwort:<\/summary> <p>Das Schreiben einer Verwaltervollmacht erfordert die Angabe des Vollmachtgebers, des Verwalters und der Aufgaben, die der Verwalter erledigen soll. Es ist wichtig, den Umfang der Vollmacht klar und pr\u00e4zise zu definieren. Es wird empfohlen, rechtliche Beratung in Anspruch zu nehmen, um sicherzustellen, dass die Vollmacht den geltenden Gesetzen entspricht.<\/p> <\/details>  <p><strong>Frage 3: Welche Elemente sollten in einer Verwaltervollmacht enthalten sein?<\/strong><\/p> <details> <summary>Antwort:<\/summary> <p>Eine Verwaltervollmacht sollte den Namen und die Identifikation des Vollmachtgebers und des Verwalters enthalten, den Umfang der Vollmacht, die Zustimmung des Vollmachtgebers zur Erteilung der Vollmacht und eine M\u00f6glichkeit, die Vollmacht zu widerrufen.<\/p> <\/details>  <p><strong>Frage 4: Gibt es verschiedene Arten von Verwaltervollmachten?<\/strong><\/p> <details> <summary>Antwort:<\/summary> <p>Ja, es gibt verschiedene Arten von Verwaltervollmachten, je nach den spezifischen Aufgaben und Befugnissen, die der Verwalter haben soll. Dies k\u00f6nnen Finanzvollmachten, Gesundheitsvollmachten oder Vorsorgevollmachten sein.<\/p> <\/details>  <p><strong>Frage 5: Wie lange ist eine Verwaltervollmacht g\u00fcltig?<\/strong><\/p> <details> <summary>Antwort:<\/summary> <p>Die G\u00fcltigkeitsdauer einer Verwaltervollmacht kann je nach den Bedingungen und Vereinbarungen im Dokument variieren. Es ist wichtig, die Fristen und Bedingungen im Voraus festzulegen.<\/p> <\/details>  <p><strong>Frage 6: Wie kann eine Verwaltervollmacht widerrufen werden?<\/strong><\/p> <details> <summary>Antwort:<\/summary> <p>Eine Verwaltervollmacht kann widerrufen werden, indem der Vollmachtgeber dem Verwalter schriftlich mitteilt, dass die Vollmacht nicht mehr g\u00fcltig ist. Es ist ratsam, den Widerruf schriftlich zu dokumentieren und Kopien an relevante Parteien zu senden.<\/p> <\/details>  <p><strong>Frage 7: Unter welchen Umst\u00e4nden k\u00f6nnte eine Verwaltervollmacht ung\u00fcltig sein?<\/strong><\/p> <details> <summary>Antwort:<\/summary> <p>Eine Verwaltervollmacht kann ung\u00fcltig sein, wenn sie nicht den rechtlichen Anforderungen entspricht, wenn der Vollmachtgeber nicht in der Lage war, die Vollmacht zu verstehen und den Konsequenzen zuzustimmen, wenn der Verwalter gegen die Interessen des Vollmachtgebers gehandelt hat oder wenn der Vollmachtgeber die Vollmacht widerrufen hat.<\/p> <\/details>  <p><strong>Frage 8: Kann ich eine Verwaltervollmacht f\u00fcr meinen Minderj\u00e4hrigen erstellen?<\/strong><\/p> <details> <summary>Antwort:<\/summary> <p>Unter Umst\u00e4nden k\u00f6nnen Eltern f\u00fcr ihre minderj\u00e4hrigen Kinder eine Vollmacht erstellen. Es sollte jedoch beachtet werden, dass der Verwalter bestimmte rechtliche Bestimmungen einhalten muss, um im besten Interesse des Kindes zu handeln.<\/p> <\/details>  <p><strong>Frage 9: Welche Verantwortlichkeiten hat ein Verwalter?<\/strong><\/p> <details> <summary>Antwort:<\/summary> <p>Ein Verwalter hat die Verantwortung, im besten Interesse des Vollmachtgebers zu handeln, seine Aufgaben gem\u00e4\u00df den Vereinbarungen in der Vollmacht auszuf\u00fchren, genau Buch zu f\u00fchren und regelm\u00e4\u00dfig Bericht zu erstatten. Falls erforderlich, muss der Verwalter auch mit anderen Parteien zusammenarbeiten und Informationen offenlegen.<\/p> <\/details>  <p><strong>Frage 10: Was passiert, wenn der Verwalter seine Aufgaben nicht erf\u00fcllt oder gegen das Gesetz verst\u00f6\u00dft?<\/strong><\/p> <details> <summary>Antwort:<\/summary> <p>Wenn ein Verwalter seine Aufgaben nicht erf\u00fcllt oder gegen das Gesetz verst\u00f6\u00dft, k\u00f6nnen rechtliche Ma\u00dfnahmen ergriffen werden. Dies kann den Widerruf der Vollmacht, Schadenersatzforderungen oder gerichtliche Schritte beinhalten.<\/p> <\/details>  <p><strong>Frage 11: Wann sollte ich eine Verwaltervollmacht erstellen?<\/strong><\/p> <details> <summary>Antwort:<\/summary> <p>Es wird empfohlen, eine Verwaltervollmacht so fr\u00fch wie m\u00f6glich zu erstellen, solange der Vollmachtgeber in der Lage ist, seine Entscheidungen zu treffen und klar zu kommunizieren. Eine Verwaltervollmacht kann auch im Falle von Krankheit, Behinderung oder geistiger Beeintr\u00e4chtigung hilfreich sein.<\/p> <\/details>  <p><strong>Frage 12: Kann ich die Verwaltervollmacht \u00e4ndern?<\/strong><\/p> <details> <summary>Antwort:<\/summary> <p>Ja, eine Verwaltervollmacht kann ge\u00e4ndert werden, solange der Vollmachtgeber dazu in der Lage ist. Es ist wichtig, jegliche \u00c4nderungen schriftlich festzuhalten und alle relevanten Parteien dar\u00fcber zu informieren.<\/p> <\/details>  <p><strong>Frage 13: Wie vermeide ich Missbrauch einer Verwaltervollmacht?<\/strong><\/p> <details> <summary>Antwort:<\/summary> <p>Um Missbrauch einer Verwaltervollmacht zu vermeiden, sollte der Vollmachtgeber sorgf\u00e4ltig \u00fcberlegen, wem er die Vollmacht erteilt. Eine klare Definition des Umfangs der Vollmacht und regelm\u00e4\u00dfige \u00dcberwachung der Aktivit\u00e4ten des Verwalters k\u00f6nnen ebenfalls helfen, Missbrauch zu verhindern.<\/p> <\/details>  <p><strong>Frage 14: Sind Verwaltervollmachten gesetzlich vorgeschrieben?<\/strong><\/p> <details> <summary>Antwort:<\/summary> <p>Verwaltervollmachten sind nicht gesetzlich vorgeschrieben, aber sie bieten eine rechtliche Absicherung und k\u00f6nnen in vielen Situationen von Vorteil sein. Es ist ratsam, sich rechtlichen Rat einzuholen, um die spezifischen Anforderungen und gesetzlichen Bestimmungen in Ihrer Region zu verstehen.<\/p> <\/details><\/p>\r\n<\/div><\/div>\r\n<hr class=\"wp-block-separator has-alpha-channel-opacity\" \/>","protected":false},"excerpt":{"rendered":"<p>Vorlage und Muster f\u00fcr Verwaltervollmacht Formular &#8211; \u00d6ffnen und Ausf\u00fcllen im WORD\u2013 und PDF-Format Verwaltervollmacht Vorlage &#8211; Muster Vodruck &#8211; &#8230; <\/p>\n<p class=\"read-more-container\"><a title=\"\u00d6ffnen &#8211; Verwaltervollmacht Formular\" class=\"read-more button\" href=\"https:\/\/vollmacthformular.com\/de\/verwaltervollmacht-offnen\/#more-540\" aria-label=\"Mehr zu \u00d6ffnen &#8211; Verwaltervollmacht Formular\">\u00d6ffnen<\/a><\/p>\n","protected":false},"author":1,"featured_media":0,"parent":0,"menu_order":0,"comment_status":"closed","ping_status":"closed","template":"","meta":{"footnotes":""},"class_list":{"0":"post-540","1":"page","2":"type-page","3":"status-publish","5":"infinite-scroll-item"},"yoast_head":"<!-- This site is optimized with the Yoast SEO plugin v24.6 - https:\/\/yoast.com\/wordpress\/plugins\/seo\/ -->\n<title>\u00d6ffnen - Verwaltervollmacht Formular - Vollmacht Formular<\/title>\n<meta name=\"robots\" content=\"noindex, follow\" \/>\n<meta property=\"og:locale\" content=\"de_DE\" \/>\n<meta property=\"og:type\" content=\"article\" \/>\n<meta property=\"og:title\" content=\"\u00d6ffnen - Verwaltervollmacht Formular - Vollmacht Formular\" \/>\n<meta property=\"og:description\" content=\"Vorlage und Muster f\u00fcr Verwaltervollmacht Formular &#8211; \u00d6ffnen und Ausf\u00fcllen im WORD\u2013 und PDF-Format Verwaltervollmacht Vorlage &#8211; Muster Vodruck &#8211; ... \u00d6ffnen\" \/>\n<meta property=\"og:url\" content=\"https:\/\/vollmacthformular.com\/de\/verwaltervollmacht-offnen\/\" \/>\n<meta property=\"og:site_name\" content=\"Vollmacht Formular\" \/>\n<meta property=\"og:image\" content=\"https:\/\/vollmacthformular.com\/de\/wp-content\/uploads\/verwaltervollmacht-formular.jpg\" \/>\n<meta name=\"twitter:card\" content=\"summary_large_image\" \/>\n<meta name=\"twitter:label1\" content=\"Gesch\u00e4tzte Lesezeit\" \/>\n\t<meta name=\"twitter:data1\" content=\"1\u00a0Minute\" \/>\n<script type=\"application\/ld+json\" class=\"yoast-schema-graph\">{\"@context\":\"https:\/\/schema.org\",\"@graph\":[{\"@type\":\"WebPage\",\"@id\":\"https:\/\/vollmacthformular.com\/de\/verwaltervollmacht-offnen\/\",\"url\":\"https:\/\/vollmacthformular.com\/de\/verwaltervollmacht-offnen\/\",\"name\":\"\u00d6ffnen - Verwaltervollmacht Formular - Vollmacht Formular\",\"isPartOf\":{\"@id\":\"https:\/\/vollmacthformular.com\/de\/#website\"},\"primaryImageOfPage\":{\"@id\":\"https:\/\/vollmacthformular.com\/de\/verwaltervollmacht-offnen\/#primaryimage\"},\"image\":{\"@id\":\"https:\/\/vollmacthformular.com\/de\/verwaltervollmacht-offnen\/#primaryimage\"},\"thumbnailUrl\":\"https:\/\/vollmacthformular.com\/de\/wp-content\/uploads\/verwaltervollmacht-formular.jpg\",\"datePublished\":\"2023-12-21T11:47:34+00:00\",\"breadcrumb\":{\"@id\":\"https:\/\/vollmacthformular.com\/de\/verwaltervollmacht-offnen\/#breadcrumb\"},\"inLanguage\":\"de\",\"potentialAction\":[{\"@type\":\"ReadAction\",\"target\":[\"https:\/\/vollmacthformular.com\/de\/verwaltervollmacht-offnen\/\"]}]},{\"@type\":\"ImageObject\",\"inLanguage\":\"de\",\"@id\":\"https:\/\/vollmacthformular.com\/de\/verwaltervollmacht-offnen\/#primaryimage\",\"url\":\"https:\/\/vollmacthformular.com\/de\/wp-content\/uploads\/adac-vollmacht-auto-ausland-formular.jpg\",\"contentUrl\":\"https:\/\/vollmacthformular.com\/de\/wp-content\/uploads\/adac-vollmacht-auto-ausland-formular.jpg\",\"width\":1410,\"height\":2250},{\"@type\":\"BreadcrumbList\",\"@id\":\"https:\/\/vollmacthformular.com\/de\/verwaltervollmacht-offnen\/#breadcrumb\",\"itemListElement\":[{\"@type\":\"ListItem\",\"position\":1,\"name\":\"Portada\",\"item\":\"https:\/\/vollmacthformular.com\/de\/\"},{\"@type\":\"ListItem\",\"position\":2,\"name\":\"\u00d6ffnen &#8211; Verwaltervollmacht Formular\"}]},{\"@type\":\"WebSite\",\"@id\":\"https:\/\/vollmacthformular.com\/de\/#website\",\"url\":\"https:\/\/vollmacthformular.com\/de\/\",\"name\":\"Vollmacht Formular\",\"description\":\"Vorlage und Muster\",\"publisher\":{\"@id\":\"https:\/\/vollmacthformular.com\/de\/#organization\"},\"potentialAction\":[{\"@type\":\"SearchAction\",\"target\":{\"@type\":\"EntryPoint\",\"urlTemplate\":\"https:\/\/vollmacthformular.com\/de\/?s={search_term_string}\"},\"query-input\":{\"@type\":\"PropertyValueSpecification\",\"valueRequired\":true,\"valueName\":\"search_term_string\"}}],\"inLanguage\":\"de\"},{\"@type\":\"Organization\",\"@id\":\"https:\/\/vollmacthformular.com\/de\/#organization\",\"name\":\"Vollmacht Formular\",\"url\":\"https:\/\/vollmacthformular.com\/de\/\",\"logo\":{\"@type\":\"ImageObject\",\"inLanguage\":\"de\",\"@id\":\"https:\/\/vollmacthformular.com\/de\/#\/schema\/logo\/image\/\",\"url\":\"https:\/\/vollmacthformular.com\/de\/wp-content\/uploads\/cropped-fav.png\",\"contentUrl\":\"https:\/\/vollmacthformular.com\/de\/wp-content\/uploads\/cropped-fav.png\",\"width\":512,\"height\":512,\"caption\":\"Vollmacht Formular\"},\"image\":{\"@id\":\"https:\/\/vollmacthformular.com\/de\/#\/schema\/logo\/image\/\"}}]}<\/script>\n<!-- \/ Yoast SEO plugin. -->","yoast_head_json":{"title":"\u00d6ffnen - Verwaltervollmacht Formular - Vollmacht Formular","robots":{"index":"noindex","follow":"follow"},"og_locale":"de_DE","og_type":"article","og_title":"\u00d6ffnen - Verwaltervollmacht Formular - Vollmacht Formular","og_description":"Vorlage und Muster f\u00fcr Verwaltervollmacht Formular &#8211; \u00d6ffnen und Ausf\u00fcllen im WORD\u2013 und PDF-Format Verwaltervollmacht Vorlage &#8211; Muster Vodruck &#8211; ... \u00d6ffnen","og_url":"https:\/\/vollmacthformular.com\/de\/verwaltervollmacht-offnen\/","og_site_name":"Vollmacht Formular","og_image":[{"url":"https:\/\/vollmacthformular.com\/de\/wp-content\/uploads\/verwaltervollmacht-formular.jpg","type":"","width":"","height":""}],"twitter_card":"summary_large_image","twitter_misc":{"Gesch\u00e4tzte Lesezeit":"1\u00a0Minute"},"schema":{"@context":"https:\/\/schema.org","@graph":[{"@type":"WebPage","@id":"https:\/\/vollmacthformular.com\/de\/verwaltervollmacht-offnen\/","url":"https:\/\/vollmacthformular.com\/de\/verwaltervollmacht-offnen\/","name":"\u00d6ffnen - Verwaltervollmacht Formular - Vollmacht Formular","isPartOf":{"@id":"https:\/\/vollmacthformular.com\/de\/#website"},"primaryImageOfPage":{"@id":"https:\/\/vollmacthformular.com\/de\/verwaltervollmacht-offnen\/#primaryimage"},"image":{"@id":"https:\/\/vollmacthformular.com\/de\/verwaltervollmacht-offnen\/#primaryimage"},"thumbnailUrl":"https:\/\/vollmacthformular.com\/de\/wp-content\/uploads\/verwaltervollmacht-formular.jpg","datePublished":"2023-12-21T11:47:34+00:00","breadcrumb":{"@id":"https:\/\/vollmacthformular.com\/de\/verwaltervollmacht-offnen\/#breadcrumb"},"inLanguage":"de","potentialAction":[{"@type":"ReadAction","target":["https:\/\/vollmacthformular.com\/de\/verwaltervollmacht-offnen\/"]}]},{"@type":"ImageObject","inLanguage":"de","@id":"https:\/\/vollmacthformular.com\/de\/verwaltervollmacht-offnen\/#primaryimage","url":"https:\/\/vollmacthformular.com\/de\/wp-content\/uploads\/adac-vollmacht-auto-ausland-formular.jpg","contentUrl":"https:\/\/vollmacthformular.com\/de\/wp-content\/uploads\/adac-vollmacht-auto-ausland-formular.jpg","width":1410,"height":2250},{"@type":"BreadcrumbList","@id":"https:\/\/vollmacthformular.com\/de\/verwaltervollmacht-offnen\/#breadcrumb","itemListElement":[{"@type":"ListItem","position":1,"name":"Portada","item":"https:\/\/vollmacthformular.com\/de\/"},{"@type":"ListItem","position":2,"name":"\u00d6ffnen &#8211; Verwaltervollmacht Formular"}]},{"@type":"WebSite","@id":"https:\/\/vollmacthformular.com\/de\/#website","url":"https:\/\/vollmacthformular.com\/de\/","name":"Vollmacht Formular","description":"Vorlage und Muster","publisher":{"@id":"https:\/\/vollmacthformular.com\/de\/#organization"},"potentialAction":[{"@type":"SearchAction","target":{"@type":"EntryPoint","urlTemplate":"https:\/\/vollmacthformular.com\/de\/?s={search_term_string}"},"query-input":{"@type":"PropertyValueSpecification","valueRequired":true,"valueName":"search_term_string"}}],"inLanguage":"de"},{"@type":"Organization","@id":"https:\/\/vollmacthformular.com\/de\/#organization","name":"Vollmacht Formular","url":"https:\/\/vollmacthformular.com\/de\/","logo":{"@type":"ImageObject","inLanguage":"de","@id":"https:\/\/vollmacthformular.com\/de\/#\/schema\/logo\/image\/","url":"https:\/\/vollmacthformular.com\/de\/wp-content\/uploads\/cropped-fav.png","contentUrl":"https:\/\/vollmacthformular.com\/de\/wp-content\/uploads\/cropped-fav.png","width":512,"height":512,"caption":"Vollmacht Formular"},"image":{"@id":"https:\/\/vollmacthformular.com\/de\/#\/schema\/logo\/image\/"}}]}},"_links":{"self":[{"href":"https:\/\/vollmacthformular.com\/de\/wp-json\/wp\/v2\/pages\/540","targetHints":{"allow":["GET"]}}],"collection":[{"href":"https:\/\/vollmacthformular.com\/de\/wp-json\/wp\/v2\/pages"}],"about":[{"href":"https:\/\/vollmacthformular.com\/de\/wp-json\/wp\/v2\/types\/page"}],"author":[{"embeddable":true,"href":"https:\/\/vollmacthformular.com\/de\/wp-json\/wp\/v2\/users\/1"}],"replies":[{"embeddable":true,"href":"https:\/\/vollmacthformular.com\/de\/wp-json\/wp\/v2\/comments?post=540"}],"version-history":[{"count":0,"href":"https:\/\/vollmacthformular.com\/de\/wp-json\/wp\/v2\/pages\/540\/revisions"}],"wp:attachment":[{"href":"https:\/\/vollmacthformular.com\/de\/wp-json\/wp\/v2\/media?parent=540"}],"curies":[{"name":"wp","href":"https:\/\/api.w.org\/{rel}","templated":true}]}}