{"id":577,"date":"2023-12-21T11:47:51","date_gmt":"2023-12-21T11:47:51","guid":{"rendered":"https:\/\/vollmacthformular.com\/de\/vollmacht-erwachsenenvertretung-offnen\/"},"modified":"2023-12-21T11:47:51","modified_gmt":"2023-12-21T11:47:51","slug":"vollmacht-erwachsenenvertretung-offnen","status":"publish","type":"page","link":"https:\/\/vollmacthformular.com\/de\/vollmacht-erwachsenenvertretung-offnen\/","title":{"rendered":"\u00d6ffnen &#8211; Vollmacht Erwachsenenvertretung Formular"},"content":{"rendered":"\r\n<p class=\"has-text-align-center\">Muster und Vorlage f\u00fcr <strong> Vollmacht Erwachsenenvertretung Formular<\/strong> &#8211; <strong>\u00d6ffnen und Ausf\u00fcllen <\/strong> im <strong>WORD<\/strong>\u2013 und <strong>PDF-Format<\/strong><\/p>\r\n\r\n\r\n<div class=\"su-note\"  style=\"border-color:#e5e5e5;border-radius:8px;-moz-border-radius:8px;-webkit-border-radius:8px;\"><div class=\"su-note-inner su-u-clearfix su-u-trim\" style=\"background-color:#ffffff;border-color:#ffffff;color:#333333;border-radius:8px;-moz-border-radius:8px;-webkit-border-radius:8px;\">\r\n<div class=\"wp-block-image\">\r\n<figure class=\"aligncenter size-large is-resized\"><img loading=\"lazy\" decoding=\"async\" class=\"wp-image-215\" src=\"https:\/\/vollmacthformular.com\/de\/wp-content\/uploads\/vollmacht-erwachsenenvertretung-formular.jpg\" alt=\"\" width=\"213\" height=\"340\" \/><\/figure>\r\n<\/div>\r\n<\/div><\/div>\r\n<div class=\"su-note\"  style=\"border-color:#e5e5e5;border-radius:8px;-moz-border-radius:8px;-webkit-border-radius:8px;\"><div class=\"su-note-inner su-u-clearfix su-u-trim\" style=\"background-color:#ffffff;border-color:#ffffff;color:#333333;border-radius:8px;-moz-border-radius:8px;-webkit-border-radius:8px;\">\r\n<div class=\"su-button-center\"><a href=\"https:\/\/www.soldan.de\/media\/pdf\/e5\/bd\/3c\/9783214147143_LP.pdf\" class=\"su-button su-button-style-flat\" style=\"color:#FFFFFF;background-color:#144bb6;border-color:#103c92;border-radius:1px\" target=\"_self\"><span style=\"color:#FFFFFF;padding:0px 24px;font-size:18px;line-height:36px;border-color:#5b81cc;border-radius:1px;text-shadow:none\">  \u00d6ffnen &#8211; \ud83d\udcc3 Vollmacht Erwachsenenvertretung  <\/span><\/a><\/div>\n\r\n<\/div><\/div>\r\n<hr class=\"wp-block-separator has-alpha-channel-opacity\" \/>\r\n\r\n\r\n<figure class=\"wp-block-table aligncenter\">\r\n<table>\r\n<tbody>\r\n<tr>\r\n<td style=\"text-align: center;\"><strong>Vollmacht Erwachsenenvertretung<\/strong><\/td>\r\n<\/tr>\r\n<tr>\r\n<td style=\"text-align: center;\"><strong>Vorlage &#8211; Muster<\/strong><\/td>\r\n<\/tr>\r\n<tr>\r\n<td style=\"text-align: center;\"><strong>Vodruck &#8211; Formular<\/strong><\/td>\r\n<\/tr>\r\n<tr>\r\n<td style=\"text-align: center;\">Bewertung: \u2b50\u2b50\u2b50\u2b50\u2b50 4.69<\/td>\r\n<\/tr>\r\n<tr>\r\n<td style=\"text-align: center;\">Ergebnisse &#8211; 874<\/td>\r\n<\/tr>\r\n<\/tbody>\r\n<\/table>\r\n<\/figure>\r\n\r\n\r\n<hr class=\"wp-block-separator has-alpha-channel-opacity\" \/>\r\n<p style=\"text-align: center;\"><strong>Weitere Vollmacht Erwachsenenvertretung-Optionen<\/strong><\/p>\r\n<div class=\"su-note\"  style=\"border-color:#e5e5e5;border-radius:8px;-moz-border-radius:8px;-webkit-border-radius:8px;\"><div class=\"su-note-inner su-u-clearfix su-u-trim\" style=\"background-color:#ffffff;border-color:#ffffff;color:#333333;border-radius:8px;-moz-border-radius:8px;-webkit-border-radius:8px;\">\r\n<div class=\"su-button-center\"><a href=\"https:\/\/unipub.uni-graz.at\/obvugrhs\/download\/pdf\/3211906?originalFilename=true\" class=\"su-button su-button-style-flat\" style=\"color:#FFFFFF;background-color:#144bb6;border-color:#103c92;border-radius:1px\" target=\"_self\"><span style=\"color:#FFFFFF;padding:0px 24px;font-size:18px;line-height:36px;border-color:#5b81cc;border-radius:1px;text-shadow:none\">  Vorlage (2) &#8211; Vollmacht Erwachsenenvertretung <\/span><\/a><\/div>\n\r\n<\/div><\/div>\r\n<div class=\"su-note\"  style=\"border-color:#e5e5e5;border-radius:8px;-moz-border-radius:8px;-webkit-border-radius:8px;\"><div class=\"su-note-inner su-u-clearfix su-u-trim\" style=\"background-color:#ffffff;border-color:#ffffff;color:#333333;border-radius:8px;-moz-border-radius:8px;-webkit-border-radius:8px;\">\r\n<div class=\"su-button-center\"><a href=\"https:\/\/www.bmj.gv.at\/dam\/jcr:214446c4-adb8-46c5-b426-93e20a91630b\/202106_erwschg_broschuere_komplett.pdf\" class=\"su-button su-button-style-flat\" style=\"color:#FFFFFF;background-color:#144bb6;border-color:#103c92;border-radius:1px\" target=\"_self\"><span style=\"color:#FFFFFF;padding:0px 24px;font-size:18px;line-height:36px;border-color:#5b81cc;border-radius:1px;text-shadow:none\">  Vorlage (3) &#8211; Vollmacht Erwachsenenvertretung <\/span><\/a><\/div>\n\r\n<\/div><\/div>\r\n<div class=\"su-note\"  style=\"border-color:#e5e5e5;border-radius:8px;-moz-border-radius:8px;-webkit-border-radius:8px;\"><div class=\"su-note-inner su-u-clearfix su-u-trim\" style=\"background-color:#ffffff;border-color:#ffffff;color:#333333;border-radius:8px;-moz-border-radius:8px;-webkit-border-radius:8px;\">\r\n<div class=\"su-button-center\"><a href=\"https:\/\/www.bmj.gv.at\/dam\/jcr:214446c4-adb8-46c5-b426-93e20a91630b\/202106_erwschg_broschuere_komplett.pdf\" class=\"su-button su-button-style-flat\" style=\"color:#FFFFFF;background-color:#144bb6;border-color:#103c92;border-radius:1px\" target=\"_self\"><span style=\"color:#FFFFFF;padding:0px 24px;font-size:18px;line-height:36px;border-color:#5b81cc;border-radius:1px;text-shadow:none\">  Vorlage (4) &#8211; Vollmacht Erwachsenenvertretung <\/span><\/a><\/div>\n\r\n<\/div><\/div>\r\n<hr class=\"wp-block-separator has-alpha-channel-opacity\" \/>\r\n<div class=\"su-note\"  style=\"border-color:#e5e5e5;border-radius:10px;-moz-border-radius:10px;-webkit-border-radius:10px;\"><div class=\"su-note-inner su-u-clearfix su-u-trim\" style=\"background-color:#FFFFFF;border-color:#ffffff;color:#333333;border-radius:10px;-moz-border-radius:10px;-webkit-border-radius:10px;\">\r\n<p><p>1. Was ist eine Vollmacht Erwachsenenvertretung?<\/p> <p>Eine Vollmacht Erwachsenenvertretung erm\u00f6glicht es einer Person, eine andere Person zu ernennen, um rechtliche oder finanzielle Angelegenheiten in ihrem Namen zu regeln, wenn sie nicht in der Lage ist, dies selbst zu tun.<\/p>  <p>2. Wie schreibe ich eine Vollmacht Erwachsenenvertretung?<\/p> <p>Um eine Vollmacht Erwachsenenvertretung zu schreiben, m\u00fcssen Sie den Namen der betroffenen Person angeben, die Person benennen, die als Vertreter handeln soll, und die spezifischen Aufgaben und Befugnisse festlegen, die der Vertreter aus\u00fcben kann.<\/p>  <p>3. Welche notwendigen Elemente m\u00fcssen in einer Vollmacht Erwachsenenvertretung enthalten sein?<\/p> <p>Eine Vollmacht Erwachsenenvertretung muss den Namen und die Identifikationsdaten der betroffenen Person und des Vertreters enthalten, sowie eine klare Erkl\u00e4rung, dass die Vollmacht erst wirksam wird, wenn die betroffene Person ihre eigene Gesch\u00e4ftsf\u00e4higkeit verliert.<\/p>  <p>4. Wie kann ich verschiedene Teile einer Vollmacht Erwachsenenvertretung angeben?<\/p> <p>Sie k\u00f6nnen verschiedene Teile einer Vollmacht Erwachsenenvertretung angeben, indem Sie bestimmte Aufgaben, Befugnisse oder Bereiche angeben, in denen der Vertreter handeln kann. Dies kann beispielsweise Finanzangelegenheiten, medizinische Entscheidungen oder Immobilienangelegenheiten umfassen.<\/p>  <p>5. Gibt es Fristen, die beachtet werden m\u00fcssen?<\/p> <p>Es gibt keine spezifischen Fristen, die f\u00fcr eine Vollmacht Erwachsenenvertretung eingehalten werden m\u00fcssen. Es ist jedoch ratsam, die Vollmacht so fr\u00fch wie m\u00f6glich zu erstellen, um sicherzustellen, dass sie g\u00fcltig ist, wenn sie ben\u00f6tigt wird.<\/p>  <p>6. Wie kann eine Vollmacht Erwachsenenvertretung gek\u00fcndigt werden?<\/p> <p>Eine Vollmacht Erwachsenenvertretung kann durch den Widerruf der Vollmacht durch die betroffene Person oder den Tod des Vertreters gek\u00fcndigt werden. Die K\u00fcndigung sollte schriftlich erfolgen und allen relevanten Parteien mitgeteilt werden.<\/p>  <p>7. Gibt es rechtliche Aspekte, die Zweifel aufwerfen k\u00f6nnten?<\/p> <p>Ja, es gibt bestimmte rechtliche Aspekte im Zusammenhang mit Vollmachten Erwachsenenvertretung, die Zweifel aufwerfen k\u00f6nnten. Es ist wichtig sicherzustellen, dass die Vollmacht den geltenden Gesetzen entspricht und dass alle Parteien \u00fcber ihre Rechte und Verantwortlichkeiten aufgekl\u00e4rt sind.<\/p>  <p>8. Was sind die Vorteile einer Vollmacht Erwachsenenvertretung?<\/p> <p>Die Vorteile einer Vollmacht Erwachsenenvertretung sind unter anderem die Gewissheit, dass Ihre Angelegenheiten von einer vertrauensw\u00fcrdigen Person geregelt werden, wenn Sie dazu nicht in der Lage sind, sowie die M\u00f6glichkeit, medizinische Entscheidungen im Voraus zu treffen.<\/p>  <p>9. Kann eine Vollmacht Erwachsenenvertretung missbraucht werden?<\/p> <p>Ja, es besteht immer das Risiko, dass eine Vollmacht Erwachsenenvertretung missbraucht wird. Es ist wichtig, eine vertrauensw\u00fcrdige Person als Vertreter zu w\u00e4hlen und sicherzustellen, dass die Vollmacht klar definierte Aufgaben und Befugnisse enth\u00e4lt, um Missbrauch zu vermeiden.<\/p>  <p>10. Kann eine Vollmacht Erwachsenenvertretung ge\u00e4ndert werden?<\/p> <p>Ja, eine Vollmacht Erwachsenenvertretung kann ge\u00e4ndert werden, solange die betroffene Person noch ihre Gesch\u00e4ftsf\u00e4higkeit hat. Eine ge\u00e4nderte Vollmacht sollte schriftlich erstellt und allen relevanten Parteien mitgeteilt werden.<\/p>  <p>11. Wie kann man sicherstellen, dass eine Vollmacht Erwachsenenvertretung wirksam ist?<\/p> <p>Um sicherzustellen, dass eine Vollmacht Erwachsenenvertretung wirksam ist, sollte sie in \u00dcbereinstimmung mit den geltenden Gesetzen erstellt werden. Es ist ratsam, einen Rechtsanwalt zu konsultieren, um sicherzustellen, dass die Vollmacht alle erforderlichen Elemente enth\u00e4lt.<\/p>  <p>12. Welche Verantwortlichkeiten hat ein Vertreter in einer Vollmacht Erwachsenenvertretung?<\/p> <p>Ein Vertreter in einer Vollmacht Erwachsenenvertretung hat die Verantwortung, die Interessen der betroffenen Person zu vertreten und in ihrem besten Interesse zu handeln. Der Vertreter sollte die Aufgaben und Befugnisse gem\u00e4\u00df der Vollmacht aus\u00fcben und sorgf\u00e4ltig auf die W\u00fcnsche und Bed\u00fcrfnisse der betroffenen Person achten.<\/p>  <p>13. Muss eine Vollmacht Erwachsenenvertretung registriert werden?<\/p> <p>Die Registrierung einer Vollmacht Erwachsenenvertretung ist in einigen L\u00e4ndern erforderlich, um ihre G\u00fcltigkeit sicherzustellen. Es ist ratsam, sich \u00fcber die spezifischen Anforderungen in Ihrem Land zu informieren und gegebenenfalls die Vollmacht registrieren zu lassen.<\/p>  <p>14. Was kann passieren, wenn ich keine Vollmacht Erwachsenenvertretung habe?<\/p> <p>Wenn Sie keine Vollmacht Erwachsenenvertretung haben und nicht in der Lage sind, Ihre Angelegenheiten selbst zu regeln, kann es notwendig sein, dass ein Gericht jemanden als gesetzlichen Vertreter f\u00fcr Sie einsetzt. Dies kann eine belastende und langwierige rechtliche Angelegenheit sein.<\/p><\/p>\r\n<\/div><\/div>\r\n<hr class=\"wp-block-separator has-alpha-channel-opacity\" \/>","protected":false},"excerpt":{"rendered":"<p>Muster und Vorlage f\u00fcr Vollmacht Erwachsenenvertretung Formular &#8211; \u00d6ffnen und Ausf\u00fcllen im WORD\u2013 und PDF-Format Vollmacht Erwachsenenvertretung Vorlage &#8211; Muster &#8230; <\/p>\n<p class=\"read-more-container\"><a title=\"\u00d6ffnen &#8211; Vollmacht Erwachsenenvertretung Formular\" class=\"read-more button\" href=\"https:\/\/vollmacthformular.com\/de\/vollmacht-erwachsenenvertretung-offnen\/#more-577\" aria-label=\"Mehr zu \u00d6ffnen &#8211; Vollmacht Erwachsenenvertretung Formular\">\u00d6ffnen<\/a><\/p>\n","protected":false},"author":1,"featured_media":0,"parent":0,"menu_order":0,"comment_status":"closed","ping_status":"closed","template":"","meta":{"footnotes":""},"class_list":{"0":"post-577","1":"page","2":"type-page","3":"status-publish","5":"infinite-scroll-item"},"yoast_head":"<!-- This site is optimized with the Yoast SEO plugin v24.6 - https:\/\/yoast.com\/wordpress\/plugins\/seo\/ -->\n<title>\u00d6ffnen - Vollmacht Erwachsenenvertretung Formular - Vollmacht Formular<\/title>\n<meta name=\"robots\" content=\"noindex, follow\" \/>\n<meta property=\"og:locale\" content=\"de_DE\" \/>\n<meta property=\"og:type\" content=\"article\" \/>\n<meta property=\"og:title\" content=\"\u00d6ffnen - Vollmacht Erwachsenenvertretung Formular - Vollmacht Formular\" \/>\n<meta property=\"og:description\" content=\"Muster und Vorlage f\u00fcr Vollmacht Erwachsenenvertretung Formular &#8211; \u00d6ffnen und Ausf\u00fcllen im WORD\u2013 und PDF-Format Vollmacht Erwachsenenvertretung Vorlage &#8211; Muster ... \u00d6ffnen\" \/>\n<meta property=\"og:url\" content=\"https:\/\/vollmacthformular.com\/de\/vollmacht-erwachsenenvertretung-offnen\/\" \/>\n<meta property=\"og:site_name\" content=\"Vollmacht Formular\" \/>\n<meta property=\"og:image\" content=\"https:\/\/vollmacthformular.com\/de\/wp-content\/uploads\/vollmacht-erwachsenenvertretung-formular.jpg\" \/>\n<meta name=\"twitter:card\" content=\"summary_large_image\" \/>\n<meta name=\"twitter:label1\" content=\"Gesch\u00e4tzte Lesezeit\" \/>\n\t<meta name=\"twitter:data1\" content=\"1\u00a0Minute\" \/>\n<script type=\"application\/ld+json\" class=\"yoast-schema-graph\">{\"@context\":\"https:\/\/schema.org\",\"@graph\":[{\"@type\":\"WebPage\",\"@id\":\"https:\/\/vollmacthformular.com\/de\/vollmacht-erwachsenenvertretung-offnen\/\",\"url\":\"https:\/\/vollmacthformular.com\/de\/vollmacht-erwachsenenvertretung-offnen\/\",\"name\":\"\u00d6ffnen - Vollmacht Erwachsenenvertretung Formular - Vollmacht Formular\",\"isPartOf\":{\"@id\":\"https:\/\/vollmacthformular.com\/de\/#website\"},\"primaryImageOfPage\":{\"@id\":\"https:\/\/vollmacthformular.com\/de\/vollmacht-erwachsenenvertretung-offnen\/#primaryimage\"},\"image\":{\"@id\":\"https:\/\/vollmacthformular.com\/de\/vollmacht-erwachsenenvertretung-offnen\/#primaryimage\"},\"thumbnailUrl\":\"https:\/\/vollmacthformular.com\/de\/wp-content\/uploads\/vollmacht-erwachsenenvertretung-formular.jpg\",\"datePublished\":\"2023-12-21T11:47:51+00:00\",\"breadcrumb\":{\"@id\":\"https:\/\/vollmacthformular.com\/de\/vollmacht-erwachsenenvertretung-offnen\/#breadcrumb\"},\"inLanguage\":\"de\",\"potentialAction\":[{\"@type\":\"ReadAction\",\"target\":[\"https:\/\/vollmacthformular.com\/de\/vollmacht-erwachsenenvertretung-offnen\/\"]}]},{\"@type\":\"ImageObject\",\"inLanguage\":\"de\",\"@id\":\"https:\/\/vollmacthformular.com\/de\/vollmacht-erwachsenenvertretung-offnen\/#primaryimage\",\"url\":\"https:\/\/vollmacthformular.com\/de\/wp-content\/uploads\/adac-vollmacht-auto-ausland-formular.jpg\",\"contentUrl\":\"https:\/\/vollmacthformular.com\/de\/wp-content\/uploads\/adac-vollmacht-auto-ausland-formular.jpg\",\"width\":1410,\"height\":2250},{\"@type\":\"BreadcrumbList\",\"@id\":\"https:\/\/vollmacthformular.com\/de\/vollmacht-erwachsenenvertretung-offnen\/#breadcrumb\",\"itemListElement\":[{\"@type\":\"ListItem\",\"position\":1,\"name\":\"Portada\",\"item\":\"https:\/\/vollmacthformular.com\/de\/\"},{\"@type\":\"ListItem\",\"position\":2,\"name\":\"\u00d6ffnen &#8211; Vollmacht Erwachsenenvertretung Formular\"}]},{\"@type\":\"WebSite\",\"@id\":\"https:\/\/vollmacthformular.com\/de\/#website\",\"url\":\"https:\/\/vollmacthformular.com\/de\/\",\"name\":\"Vollmacht Formular\",\"description\":\"Vorlage und Muster\",\"publisher\":{\"@id\":\"https:\/\/vollmacthformular.com\/de\/#organization\"},\"potentialAction\":[{\"@type\":\"SearchAction\",\"target\":{\"@type\":\"EntryPoint\",\"urlTemplate\":\"https:\/\/vollmacthformular.com\/de\/?s={search_term_string}\"},\"query-input\":{\"@type\":\"PropertyValueSpecification\",\"valueRequired\":true,\"valueName\":\"search_term_string\"}}],\"inLanguage\":\"de\"},{\"@type\":\"Organization\",\"@id\":\"https:\/\/vollmacthformular.com\/de\/#organization\",\"name\":\"Vollmacht Formular\",\"url\":\"https:\/\/vollmacthformular.com\/de\/\",\"logo\":{\"@type\":\"ImageObject\",\"inLanguage\":\"de\",\"@id\":\"https:\/\/vollmacthformular.com\/de\/#\/schema\/logo\/image\/\",\"url\":\"https:\/\/vollmacthformular.com\/de\/wp-content\/uploads\/cropped-fav.png\",\"contentUrl\":\"https:\/\/vollmacthformular.com\/de\/wp-content\/uploads\/cropped-fav.png\",\"width\":512,\"height\":512,\"caption\":\"Vollmacht Formular\"},\"image\":{\"@id\":\"https:\/\/vollmacthformular.com\/de\/#\/schema\/logo\/image\/\"}}]}<\/script>\n<!-- \/ Yoast SEO plugin. -->","yoast_head_json":{"title":"\u00d6ffnen - Vollmacht Erwachsenenvertretung Formular - Vollmacht Formular","robots":{"index":"noindex","follow":"follow"},"og_locale":"de_DE","og_type":"article","og_title":"\u00d6ffnen - Vollmacht Erwachsenenvertretung Formular - Vollmacht Formular","og_description":"Muster und Vorlage f\u00fcr Vollmacht Erwachsenenvertretung Formular &#8211; \u00d6ffnen und Ausf\u00fcllen im WORD\u2013 und PDF-Format Vollmacht Erwachsenenvertretung Vorlage &#8211; Muster ... \u00d6ffnen","og_url":"https:\/\/vollmacthformular.com\/de\/vollmacht-erwachsenenvertretung-offnen\/","og_site_name":"Vollmacht Formular","og_image":[{"url":"https:\/\/vollmacthformular.com\/de\/wp-content\/uploads\/vollmacht-erwachsenenvertretung-formular.jpg","type":"","width":"","height":""}],"twitter_card":"summary_large_image","twitter_misc":{"Gesch\u00e4tzte Lesezeit":"1\u00a0Minute"},"schema":{"@context":"https:\/\/schema.org","@graph":[{"@type":"WebPage","@id":"https:\/\/vollmacthformular.com\/de\/vollmacht-erwachsenenvertretung-offnen\/","url":"https:\/\/vollmacthformular.com\/de\/vollmacht-erwachsenenvertretung-offnen\/","name":"\u00d6ffnen - Vollmacht Erwachsenenvertretung Formular - Vollmacht Formular","isPartOf":{"@id":"https:\/\/vollmacthformular.com\/de\/#website"},"primaryImageOfPage":{"@id":"https:\/\/vollmacthformular.com\/de\/vollmacht-erwachsenenvertretung-offnen\/#primaryimage"},"image":{"@id":"https:\/\/vollmacthformular.com\/de\/vollmacht-erwachsenenvertretung-offnen\/#primaryimage"},"thumbnailUrl":"https:\/\/vollmacthformular.com\/de\/wp-content\/uploads\/vollmacht-erwachsenenvertretung-formular.jpg","datePublished":"2023-12-21T11:47:51+00:00","breadcrumb":{"@id":"https:\/\/vollmacthformular.com\/de\/vollmacht-erwachsenenvertretung-offnen\/#breadcrumb"},"inLanguage":"de","potentialAction":[{"@type":"ReadAction","target":["https:\/\/vollmacthformular.com\/de\/vollmacht-erwachsenenvertretung-offnen\/"]}]},{"@type":"ImageObject","inLanguage":"de","@id":"https:\/\/vollmacthformular.com\/de\/vollmacht-erwachsenenvertretung-offnen\/#primaryimage","url":"https:\/\/vollmacthformular.com\/de\/wp-content\/uploads\/adac-vollmacht-auto-ausland-formular.jpg","contentUrl":"https:\/\/vollmacthformular.com\/de\/wp-content\/uploads\/adac-vollmacht-auto-ausland-formular.jpg","width":1410,"height":2250},{"@type":"BreadcrumbList","@id":"https:\/\/vollmacthformular.com\/de\/vollmacht-erwachsenenvertretung-offnen\/#breadcrumb","itemListElement":[{"@type":"ListItem","position":1,"name":"Portada","item":"https:\/\/vollmacthformular.com\/de\/"},{"@type":"ListItem","position":2,"name":"\u00d6ffnen &#8211; Vollmacht Erwachsenenvertretung Formular"}]},{"@type":"WebSite","@id":"https:\/\/vollmacthformular.com\/de\/#website","url":"https:\/\/vollmacthformular.com\/de\/","name":"Vollmacht Formular","description":"Vorlage und Muster","publisher":{"@id":"https:\/\/vollmacthformular.com\/de\/#organization"},"potentialAction":[{"@type":"SearchAction","target":{"@type":"EntryPoint","urlTemplate":"https:\/\/vollmacthformular.com\/de\/?s={search_term_string}"},"query-input":{"@type":"PropertyValueSpecification","valueRequired":true,"valueName":"search_term_string"}}],"inLanguage":"de"},{"@type":"Organization","@id":"https:\/\/vollmacthformular.com\/de\/#organization","name":"Vollmacht Formular","url":"https:\/\/vollmacthformular.com\/de\/","logo":{"@type":"ImageObject","inLanguage":"de","@id":"https:\/\/vollmacthformular.com\/de\/#\/schema\/logo\/image\/","url":"https:\/\/vollmacthformular.com\/de\/wp-content\/uploads\/cropped-fav.png","contentUrl":"https:\/\/vollmacthformular.com\/de\/wp-content\/uploads\/cropped-fav.png","width":512,"height":512,"caption":"Vollmacht Formular"},"image":{"@id":"https:\/\/vollmacthformular.com\/de\/#\/schema\/logo\/image\/"}}]}},"_links":{"self":[{"href":"https:\/\/vollmacthformular.com\/de\/wp-json\/wp\/v2\/pages\/577","targetHints":{"allow":["GET"]}}],"collection":[{"href":"https:\/\/vollmacthformular.com\/de\/wp-json\/wp\/v2\/pages"}],"about":[{"href":"https:\/\/vollmacthformular.com\/de\/wp-json\/wp\/v2\/types\/page"}],"author":[{"embeddable":true,"href":"https:\/\/vollmacthformular.com\/de\/wp-json\/wp\/v2\/users\/1"}],"replies":[{"embeddable":true,"href":"https:\/\/vollmacthformular.com\/de\/wp-json\/wp\/v2\/comments?post=577"}],"version-history":[{"count":0,"href":"https:\/\/vollmacthformular.com\/de\/wp-json\/wp\/v2\/pages\/577\/revisions"}],"wp:attachment":[{"href":"https:\/\/vollmacthformular.com\/de\/wp-json\/wp\/v2\/media?parent=577"}],"curies":[{"name":"wp","href":"https:\/\/api.w.org\/{rel}","templated":true}]}}