{"id":606,"date":"2023-12-21T11:48:05","date_gmt":"2023-12-21T11:48:05","guid":{"rendered":"https:\/\/vollmacthformular.com\/de\/raiffeisenbank-vollmacht-offnen\/"},"modified":"2023-12-21T11:48:05","modified_gmt":"2023-12-21T11:48:05","slug":"raiffeisenbank-vollmacht-offnen","status":"publish","type":"page","link":"https:\/\/vollmacthformular.com\/de\/raiffeisenbank-vollmacht-offnen\/","title":{"rendered":"\u00d6ffnen &#8211; Raiffeisenbank Vollmacht Formular"},"content":{"rendered":"\r\n<p class=\"has-text-align-center\">Vorlage und Muster f\u00fcr <strong> Raiffeisenbank Vollmacht Formular<\/strong> &#8211; <strong>\u00d6ffnen und Ausf\u00fcllen <\/strong> im <strong>WORD<\/strong>\u2013 und <strong>PDF-Format<\/strong><\/p>\r\n\r\n\r\n<div class=\"su-note\"  style=\"border-color:#e5e5e5;border-radius:8px;-moz-border-radius:8px;-webkit-border-radius:8px;\"><div class=\"su-note-inner su-u-clearfix su-u-trim\" style=\"background-color:#ffffff;border-color:#ffffff;color:#333333;border-radius:8px;-moz-border-radius:8px;-webkit-border-radius:8px;\">\r\n<div class=\"wp-block-image\">\r\n<figure class=\"aligncenter size-large is-resized\"><img loading=\"lazy\" decoding=\"async\" class=\"wp-image-215\" src=\"https:\/\/vollmacthformular.com\/de\/wp-content\/uploads\/raiffeisenbank-vollmacht-formular.jpg\" alt=\"\" width=\"213\" height=\"340\" \/><\/figure>\r\n<\/div>\r\n<\/div><\/div>\r\n<div class=\"su-note\"  style=\"border-color:#e5e5e5;border-radius:8px;-moz-border-radius:8px;-webkit-border-radius:8px;\"><div class=\"su-note-inner su-u-clearfix su-u-trim\" style=\"background-color:#ffffff;border-color:#ffffff;color:#333333;border-radius:8px;-moz-border-radius:8px;-webkit-border-radius:8px;\">\r\n<div class=\"su-button-center\"><a href=\"https:\/\/www.vr-bank-wuerzburg.de\/content\/dam\/f1001-0\/pdfs\/Vollmacht.pdf\" class=\"su-button su-button-style-flat\" style=\"color:#FFFFFF;background-color:#144bb6;border-color:#103c92;border-radius:1px\" target=\"_self\"><span style=\"color:#FFFFFF;padding:0px 24px;font-size:18px;line-height:36px;border-color:#5b81cc;border-radius:1px;text-shadow:none\">  \u00d6ffnen &#8211; \ud83d\udcc3 Raiffeisenbank Vollmacht  <\/span><\/a><\/div>\n\r\n<\/div><\/div>\r\n<hr class=\"wp-block-separator has-alpha-channel-opacity\" \/>\r\n\r\n\r\n<figure class=\"wp-block-table aligncenter\">\r\n<table>\r\n<tbody>\r\n<tr>\r\n<td style=\"text-align: center;\"><strong>Raiffeisenbank Vollmacht<\/strong><\/td>\r\n<\/tr>\r\n<tr>\r\n<td style=\"text-align: center;\"><strong>Vorlage &#8211; Muster<\/strong><\/td>\r\n<\/tr>\r\n<tr>\r\n<td style=\"text-align: center;\"><strong>Vodruck &#8211; Formular<\/strong><\/td>\r\n<\/tr>\r\n<tr>\r\n<td style=\"text-align: center;\">Bewertung: \u2b50\u2b50\u2b50\u2b50\u2b50 4.94<\/td>\r\n<\/tr>\r\n<tr>\r\n<td style=\"text-align: center;\">Ergebnisse &#8211; 4849<\/td>\r\n<\/tr>\r\n<\/tbody>\r\n<\/table>\r\n<\/figure>\r\n\r\n\r\n<hr class=\"wp-block-separator has-alpha-channel-opacity\" \/>\r\n<p style=\"text-align: center;\"><strong>Weitere Raiffeisenbank Vollmacht-Optionen<\/strong><\/p>\r\n<div class=\"su-note\"  style=\"border-color:#e5e5e5;border-radius:8px;-moz-border-radius:8px;-webkit-border-radius:8px;\"><div class=\"su-note-inner su-u-clearfix su-u-trim\" style=\"background-color:#ffffff;border-color:#ffffff;color:#333333;border-radius:8px;-moz-border-radius:8px;-webkit-border-radius:8px;\">\r\n<div class=\"su-button-center\"><a href=\"https:\/\/www.rbinternational.com\/de\/investoren\/veranstaltungen-uebersicht\/hauptversammlungen\/hauptversammlung-2020\/_jcr_content\/root\/responsivegrid\/contentcontainer_653\/contentbox\/downloadlist_copy.download.html\/2\/Vollmacht%20besondere_r%20Stimmrechtsvertreter_-in%20_gem_%20_%203%20Abs%204%20COVID-19-GesV_.pdf\" class=\"su-button su-button-style-flat\" style=\"color:#FFFFFF;background-color:#144bb6;border-color:#103c92;border-radius:1px\" target=\"_self\"><span style=\"color:#FFFFFF;padding:0px 24px;font-size:18px;line-height:36px;border-color:#5b81cc;border-radius:1px;text-shadow:none\">  Vorlage (2) &#8211; Raiffeisenbank Vollmacht <\/span><\/a><\/div>\n\r\n<\/div><\/div>\r\n<div class=\"su-note\"  style=\"border-color:#e5e5e5;border-radius:8px;-moz-border-radius:8px;-webkit-border-radius:8px;\"><div class=\"su-note-inner su-u-clearfix su-u-trim\" style=\"background-color:#ffffff;border-color:#ffffff;color:#333333;border-radius:8px;-moz-border-radius:8px;-webkit-border-radius:8px;\">\r\n<div class=\"su-button-center\"><a href=\"https:\/\/www.raiffeisen.at\/vorarlberg\/raiba-bodenseebank\/de\/privatkunden\/ihre-entscheidung--ihre-vollmacht\/_jcr_content\/root\/responsivegrid\/contentcontainer\/contentbox\/downloadlist.download.html\/0\/Download%20Vollmacht%20Girokonto.pdf\" class=\"su-button su-button-style-flat\" style=\"color:#FFFFFF;background-color:#144bb6;border-color:#103c92;border-radius:1px\" target=\"_self\"><span style=\"color:#FFFFFF;padding:0px 24px;font-size:18px;line-height:36px;border-color:#5b81cc;border-radius:1px;text-shadow:none\">  Vorlage (3) &#8211; Raiffeisenbank Vollmacht <\/span><\/a><\/div>\n\r\n<\/div><\/div>\r\n<div class=\"su-note\"  style=\"border-color:#e5e5e5;border-radius:8px;-moz-border-radius:8px;-webkit-border-radius:8px;\"><div class=\"su-note-inner su-u-clearfix su-u-trim\" style=\"background-color:#ffffff;border-color:#ffffff;color:#333333;border-radius:8px;-moz-border-radius:8px;-webkit-border-radius:8px;\">\r\n<div class=\"su-button-center\"><a href=\"https:\/\/www.rbinternational.com\/de\/investoren\/veranstaltungen-uebersicht\/hauptversammlungen\/hauptversammlung-2022\/_jcr_content\/root\/responsivegrid\/contentcontainer_cop_716615298\/contentbox\/downloadlist.download.html\/0\/Formular%20fuer%20die%20Erteilung%20von%20Vollmachten%20_inkl_%20Stimmrechtsweisung_.pdf\" class=\"su-button su-button-style-flat\" style=\"color:#FFFFFF;background-color:#144bb6;border-color:#103c92;border-radius:1px\" target=\"_self\"><span style=\"color:#FFFFFF;padding:0px 24px;font-size:18px;line-height:36px;border-color:#5b81cc;border-radius:1px;text-shadow:none\">  Vorlage (4) &#8211; Raiffeisenbank Vollmacht <\/span><\/a><\/div>\n\r\n<\/div><\/div>\r\n<hr class=\"wp-block-separator has-alpha-channel-opacity\" \/>\r\n<div class=\"su-note\"  style=\"border-color:#e5e5e5;border-radius:10px;-moz-border-radius:10px;-webkit-border-radius:10px;\"><div class=\"su-note-inner su-u-clearfix su-u-trim\" style=\"background-color:#FFFFFF;border-color:#ffffff;color:#333333;border-radius:10px;-moz-border-radius:10px;-webkit-border-radius:10px;\">\r\n<p><details> <summary>1. Was ist eine Vollmacht?<\/summary> <p> Eine Vollmacht ist ein schriftliches Dokument, mit dem eine Person einer anderen Person das Recht gibt, in ihrem Namen bestimmte Handlungen vorzunehmen oder Entscheidungen zu treffen. <\/p> <\/details>  <details> <summary>2. Wie schreibe ich eine Vollmacht f\u00fcr die Raiffeisenbank?<\/summary> <p> Um eine Vollmacht f\u00fcr die Raiffeisenbank zu schreiben, sollten Sie die folgenden Elemente enthalten: <br \/> &#8211; Namen der bevollm\u00e4chtigten Person <br \/> &#8211; Art der Handlungen oder Entscheidungen, f\u00fcr die die Vollmacht gilt <br \/> &#8211; Dauer der Vollmacht und m\u00f6gliche Einschr\u00e4nkungen <br \/> &#8211; Unterschriften der bevollm\u00e4chtigten Person und des Vollmachtgebers <\/p> <\/details>  <details> <summary>3. Was sind die notwendigen Elemente einer Vollmacht?<\/summary> <p> Die notwendigen Elemente einer Vollmacht sind: <br \/> &#8211; Klare Identifizierung des Vollmachtgebers und der bevollm\u00e4chtigten Person <br \/> &#8211; Art und Umfang der erteilten Vollmacht <br \/> &#8211; Dauer der Vollmacht und m\u00f6gliche Einschr\u00e4nkungen <br \/> &#8211; Datum und Ort der Ausstellung der Vollmacht <br \/> &#8211; Unterschriften des Vollmachtgebers und der bevollm\u00e4chtigten Person <\/p> <\/details>  <details> <summary>4. Welche verschiedenen Teile kann eine Vollmacht haben?<\/summary> <p> Eine Vollmacht kann verschiedene Teile haben, abh\u00e4ngig von den Aufgaben und Entscheidungen, f\u00fcr die die bevollm\u00e4chtigte Person berechtigt ist. Beispiele f\u00fcr verschiedene Teile einer Vollmacht k\u00f6nnen sein: <br \/> &#8211; Finanzielle Transaktionen <br \/> &#8211; Immobilienverwaltung <br \/> &#8211; Gesch\u00e4ftliche Entscheidungen <br \/> &#8211; Medizinische Entscheidungen <\/p> <\/details>  <details> <summary>5. Gibt es Fristen f\u00fcr die G\u00fcltigkeit einer Vollmacht?<\/summary> <p> Ja, es k\u00f6nnen Fristen f\u00fcr die G\u00fcltigkeit einer Vollmacht festgelegt werden. Der Vollmachtgeber kann angeben, ab welchem Datum die Vollmacht g\u00fcltig ist und bis zu welchem Datum sie gilt. Es ist jedoch wichtig zu beachten, dass bestimmte Handlungen oder Entscheidungen innerhalb eines bestimmten Zeitraums erfolgen m\u00fcssen, um wirksam zu sein. <\/p> <\/details>  <details> <summary> 6. Wie kann ich eine Vollmacht f\u00fcr die Raiffeisenbank k\u00fcndigen? <\/summary> <p> Um eine Vollmacht f\u00fcr die Raiffeisenbank zu k\u00fcndigen, m\u00fcssen Sie eine schriftliche Mitteilung an die Bank senden, in der Sie Ihre Absicht erkl\u00e4ren, die Vollmacht zu k\u00fcndigen. Stellen Sie sicher, dass Sie auch die bevollm\u00e4chtigte Person \u00fcber die K\u00fcndigung informieren und ihr eine Kopie des K\u00fcndigungsschreibens zukommen lassen. <\/p> <\/details>  <details> <summary> 7. Gibt es rechtliche Aspekte, die ich bei einer Vollmacht beachten muss? <\/summary> <p> Ja, es gibt einige rechtliche Aspekte, die Sie bei einer Vollmacht beachten m\u00fcssen: <br \/> &#8211; Die Vollmacht sollte klar und eindeutig formuliert sein, um Missverst\u00e4ndnisse zu vermeiden. <br \/> &#8211; Die bevollm\u00e4chtigte Person sollte im Rahmen der erteilten Vollmacht handeln und nicht \u00fcber deren Grenzen hinausgehen. <br \/> &#8211; Der Vollmachtgeber beh\u00e4lt das Recht, die Vollmacht jederzeit zu widerrufen oder zu k\u00fcndigen. <\/p> <\/details>  <details> <summary> 8. Brauche ich einen Anwalt, um eine Vollmacht f\u00fcr die Raiffeisenbank zu erstellen? <\/summary> <p> Es ist nicht zwingend erforderlich, einen Anwalt einzuschalten, um eine Vollmacht f\u00fcr die Raiffeisenbank zu erstellen. Sie k\u00f6nnen jedoch einen Anwalt konsultieren, um sicherzustellen, dass Ihre Vollmacht alle erforderlichen Elemente enth\u00e4lt und rechtlich g\u00fcltig ist. <\/p> <\/details>  <details> <summary> 9. Kann ich eine Vollmacht f\u00fcr die Raiffeisenbank auch m\u00fcndlich erteilen? <\/summary> <p> Es wird empfohlen, eine Vollmacht f\u00fcr die Raiffeisenbank schriftlich zu erteilen, um Missverst\u00e4ndnisse zu vermeiden und eine klare Dokumentation zu haben. Eine m\u00fcndliche Vollmacht kann in einigen F\u00e4llen akzeptiert werden, ist aber m\u00f6glicherweise nicht so rechtlich bindend wie eine schriftliche Vollmacht. <\/p> <\/details>  <details> <summary> 10. Kann ich eine Vollmacht f\u00fcr die Raiffeisenbank widerrufen? <\/summary> <p> Ja, Sie k\u00f6nnen eine Vollmacht f\u00fcr die Raiffeisenbank jederzeit widerrufen, solange Sie der bevollm\u00e4chtigten Person und der Bank schriftlich mitteilen, dass Sie die Vollmacht widerrufen. Vergessen Sie nicht, eine Kopie des Widerrufsschreibens an die bevollm\u00e4chtigte Person zu senden. <\/p> <\/details>  <details> <summary> 11. Gibt es Grenzen oder Einschr\u00e4nkungen f\u00fcr eine Vollmacht bei der Raiffeisenbank? <\/summary> <p> Ja, es k\u00f6nnen Grenzen oder Einschr\u00e4nkungen f\u00fcr eine Vollmacht bei der Raiffeisenbank festgelegt werden. Der Vollmachtgeber kann angeben, f\u00fcr welche spezifischen Handlungen oder Entscheidungen die Vollmacht gilt und welche nicht. Es liegt im Ermessen des Vollmachtgebers, die Grenzen oder Einschr\u00e4nkungen festzulegen, die er f\u00fcr angemessen h\u00e4lt. <\/p> <\/details>  <details> <summary> 12. Welche Bestimmungen gelten, wenn der Vollmachtgeber verstorben ist? <\/summary> <p> Wenn der Vollmachtgeber verstorben ist, erlischt die Vollmacht automatisch. Die bevollm\u00e4chtigte Person hat keine Befugnis mehr, in seinem Namen Handlungen vorzunehmen oder Entscheidungen zu treffen. In solchen F\u00e4llen m\u00fcssen die Erben des Verstorbenen die entsprechenden rechtlichen Schritte unternehmen. <\/p> <\/details>  <details> <summary> 13. Kann ich eine Vollmacht f\u00fcr einzelne Bankkonten bei der Raiffeisenbank erteilen? <\/summary> <p> Ja, Sie k\u00f6nnen eine Vollmacht f\u00fcr einzelne Bankkonten bei der Raiffeisenbank erteilen. In Ihrer Vollmacht sollten Sie angeben, f\u00fcr welche spezifischen Bankkonten die bevollm\u00e4chtigte Person berechtigt ist, Transaktionen oder Entscheidungen vorzunehmen. Sie k\u00f6nnen auch angeben, ob die Vollmacht f\u00fcr zuk\u00fcnftige Bankkonten gilt, die Sie m\u00f6glicherweise bei der Bank er\u00f6ffnen. <\/p> <\/details>  <details> <summary> 14. Muss ich eine Kopie meiner Vollmacht bei der Raiffeisenbank hinterlegen? <\/summary> <p> Es ist ratsam, eine Kopie Ihrer Vollmacht bei der Raiffeisenbank zu hinterlegen, damit sie \u00fcber Ihre bevollm\u00e4chtigte Person und deren Befugnisse informiert ist. Dies erm\u00f6glicht es der Bank, die Richtigkeit der Aktivit\u00e4ten der bevollm\u00e4chtigten Person zu \u00fcberpr\u00fcfen und etwaige Missbr\u00e4uche zu verhindern. <\/p> <\/details><\/p>\r\n<\/div><\/div>\r\n<hr class=\"wp-block-separator has-alpha-channel-opacity\" \/>","protected":false},"excerpt":{"rendered":"<p>Vorlage und Muster f\u00fcr Raiffeisenbank Vollmacht Formular &#8211; \u00d6ffnen und Ausf\u00fcllen im WORD\u2013 und PDF-Format Raiffeisenbank Vollmacht Vorlage &#8211; Muster &#8230; <\/p>\n<p class=\"read-more-container\"><a title=\"\u00d6ffnen &#8211; Raiffeisenbank Vollmacht Formular\" class=\"read-more button\" href=\"https:\/\/vollmacthformular.com\/de\/raiffeisenbank-vollmacht-offnen\/#more-606\" aria-label=\"Mehr zu \u00d6ffnen &#8211; Raiffeisenbank Vollmacht Formular\">\u00d6ffnen<\/a><\/p>\n","protected":false},"author":1,"featured_media":0,"parent":0,"menu_order":0,"comment_status":"closed","ping_status":"closed","template":"","meta":{"footnotes":""},"class_list":{"0":"post-606","1":"page","2":"type-page","3":"status-publish","5":"infinite-scroll-item"},"yoast_head":"<!-- This site is optimized with the Yoast SEO plugin v24.6 - https:\/\/yoast.com\/wordpress\/plugins\/seo\/ -->\n<title>\u00d6ffnen - Raiffeisenbank Vollmacht Formular - Vollmacht Formular<\/title>\n<meta name=\"robots\" content=\"noindex, follow\" \/>\n<meta property=\"og:locale\" content=\"de_DE\" \/>\n<meta property=\"og:type\" content=\"article\" \/>\n<meta property=\"og:title\" content=\"\u00d6ffnen - Raiffeisenbank Vollmacht Formular - Vollmacht Formular\" \/>\n<meta property=\"og:description\" content=\"Vorlage und Muster f\u00fcr Raiffeisenbank Vollmacht Formular &#8211; \u00d6ffnen und Ausf\u00fcllen im WORD\u2013 und PDF-Format Raiffeisenbank Vollmacht Vorlage &#8211; Muster ... \u00d6ffnen\" \/>\n<meta property=\"og:url\" content=\"https:\/\/vollmacthformular.com\/de\/raiffeisenbank-vollmacht-offnen\/\" \/>\n<meta property=\"og:site_name\" content=\"Vollmacht Formular\" \/>\n<meta property=\"og:image\" content=\"https:\/\/vollmacthformular.com\/de\/wp-content\/uploads\/raiffeisenbank-vollmacht-formular.jpg\" \/>\n<meta name=\"twitter:card\" content=\"summary_large_image\" \/>\n<meta name=\"twitter:label1\" content=\"Gesch\u00e4tzte Lesezeit\" \/>\n\t<meta name=\"twitter:data1\" content=\"1\u00a0Minute\" \/>\n<script type=\"application\/ld+json\" class=\"yoast-schema-graph\">{\"@context\":\"https:\/\/schema.org\",\"@graph\":[{\"@type\":\"WebPage\",\"@id\":\"https:\/\/vollmacthformular.com\/de\/raiffeisenbank-vollmacht-offnen\/\",\"url\":\"https:\/\/vollmacthformular.com\/de\/raiffeisenbank-vollmacht-offnen\/\",\"name\":\"\u00d6ffnen - Raiffeisenbank Vollmacht Formular - Vollmacht Formular\",\"isPartOf\":{\"@id\":\"https:\/\/vollmacthformular.com\/de\/#website\"},\"primaryImageOfPage\":{\"@id\":\"https:\/\/vollmacthformular.com\/de\/raiffeisenbank-vollmacht-offnen\/#primaryimage\"},\"image\":{\"@id\":\"https:\/\/vollmacthformular.com\/de\/raiffeisenbank-vollmacht-offnen\/#primaryimage\"},\"thumbnailUrl\":\"https:\/\/vollmacthformular.com\/de\/wp-content\/uploads\/raiffeisenbank-vollmacht-formular.jpg\",\"datePublished\":\"2023-12-21T11:48:05+00:00\",\"breadcrumb\":{\"@id\":\"https:\/\/vollmacthformular.com\/de\/raiffeisenbank-vollmacht-offnen\/#breadcrumb\"},\"inLanguage\":\"de\",\"potentialAction\":[{\"@type\":\"ReadAction\",\"target\":[\"https:\/\/vollmacthformular.com\/de\/raiffeisenbank-vollmacht-offnen\/\"]}]},{\"@type\":\"ImageObject\",\"inLanguage\":\"de\",\"@id\":\"https:\/\/vollmacthformular.com\/de\/raiffeisenbank-vollmacht-offnen\/#primaryimage\",\"url\":\"https:\/\/vollmacthformular.com\/de\/wp-content\/uploads\/adac-vollmacht-auto-ausland-formular.jpg\",\"contentUrl\":\"https:\/\/vollmacthformular.com\/de\/wp-content\/uploads\/adac-vollmacht-auto-ausland-formular.jpg\",\"width\":1410,\"height\":2250},{\"@type\":\"BreadcrumbList\",\"@id\":\"https:\/\/vollmacthformular.com\/de\/raiffeisenbank-vollmacht-offnen\/#breadcrumb\",\"itemListElement\":[{\"@type\":\"ListItem\",\"position\":1,\"name\":\"Portada\",\"item\":\"https:\/\/vollmacthformular.com\/de\/\"},{\"@type\":\"ListItem\",\"position\":2,\"name\":\"\u00d6ffnen &#8211; Raiffeisenbank Vollmacht Formular\"}]},{\"@type\":\"WebSite\",\"@id\":\"https:\/\/vollmacthformular.com\/de\/#website\",\"url\":\"https:\/\/vollmacthformular.com\/de\/\",\"name\":\"Vollmacht Formular\",\"description\":\"Vorlage und Muster\",\"publisher\":{\"@id\":\"https:\/\/vollmacthformular.com\/de\/#organization\"},\"potentialAction\":[{\"@type\":\"SearchAction\",\"target\":{\"@type\":\"EntryPoint\",\"urlTemplate\":\"https:\/\/vollmacthformular.com\/de\/?s={search_term_string}\"},\"query-input\":{\"@type\":\"PropertyValueSpecification\",\"valueRequired\":true,\"valueName\":\"search_term_string\"}}],\"inLanguage\":\"de\"},{\"@type\":\"Organization\",\"@id\":\"https:\/\/vollmacthformular.com\/de\/#organization\",\"name\":\"Vollmacht Formular\",\"url\":\"https:\/\/vollmacthformular.com\/de\/\",\"logo\":{\"@type\":\"ImageObject\",\"inLanguage\":\"de\",\"@id\":\"https:\/\/vollmacthformular.com\/de\/#\/schema\/logo\/image\/\",\"url\":\"https:\/\/vollmacthformular.com\/de\/wp-content\/uploads\/cropped-fav.png\",\"contentUrl\":\"https:\/\/vollmacthformular.com\/de\/wp-content\/uploads\/cropped-fav.png\",\"width\":512,\"height\":512,\"caption\":\"Vollmacht Formular\"},\"image\":{\"@id\":\"https:\/\/vollmacthformular.com\/de\/#\/schema\/logo\/image\/\"}}]}<\/script>\n<!-- \/ Yoast SEO plugin. -->","yoast_head_json":{"title":"\u00d6ffnen - Raiffeisenbank Vollmacht Formular - Vollmacht Formular","robots":{"index":"noindex","follow":"follow"},"og_locale":"de_DE","og_type":"article","og_title":"\u00d6ffnen - Raiffeisenbank Vollmacht Formular - Vollmacht Formular","og_description":"Vorlage und Muster f\u00fcr Raiffeisenbank Vollmacht Formular &#8211; \u00d6ffnen und Ausf\u00fcllen im WORD\u2013 und PDF-Format Raiffeisenbank Vollmacht Vorlage &#8211; Muster ... \u00d6ffnen","og_url":"https:\/\/vollmacthformular.com\/de\/raiffeisenbank-vollmacht-offnen\/","og_site_name":"Vollmacht Formular","og_image":[{"url":"https:\/\/vollmacthformular.com\/de\/wp-content\/uploads\/raiffeisenbank-vollmacht-formular.jpg","type":"","width":"","height":""}],"twitter_card":"summary_large_image","twitter_misc":{"Gesch\u00e4tzte Lesezeit":"1\u00a0Minute"},"schema":{"@context":"https:\/\/schema.org","@graph":[{"@type":"WebPage","@id":"https:\/\/vollmacthformular.com\/de\/raiffeisenbank-vollmacht-offnen\/","url":"https:\/\/vollmacthformular.com\/de\/raiffeisenbank-vollmacht-offnen\/","name":"\u00d6ffnen - Raiffeisenbank Vollmacht Formular - Vollmacht Formular","isPartOf":{"@id":"https:\/\/vollmacthformular.com\/de\/#website"},"primaryImageOfPage":{"@id":"https:\/\/vollmacthformular.com\/de\/raiffeisenbank-vollmacht-offnen\/#primaryimage"},"image":{"@id":"https:\/\/vollmacthformular.com\/de\/raiffeisenbank-vollmacht-offnen\/#primaryimage"},"thumbnailUrl":"https:\/\/vollmacthformular.com\/de\/wp-content\/uploads\/raiffeisenbank-vollmacht-formular.jpg","datePublished":"2023-12-21T11:48:05+00:00","breadcrumb":{"@id":"https:\/\/vollmacthformular.com\/de\/raiffeisenbank-vollmacht-offnen\/#breadcrumb"},"inLanguage":"de","potentialAction":[{"@type":"ReadAction","target":["https:\/\/vollmacthformular.com\/de\/raiffeisenbank-vollmacht-offnen\/"]}]},{"@type":"ImageObject","inLanguage":"de","@id":"https:\/\/vollmacthformular.com\/de\/raiffeisenbank-vollmacht-offnen\/#primaryimage","url":"https:\/\/vollmacthformular.com\/de\/wp-content\/uploads\/adac-vollmacht-auto-ausland-formular.jpg","contentUrl":"https:\/\/vollmacthformular.com\/de\/wp-content\/uploads\/adac-vollmacht-auto-ausland-formular.jpg","width":1410,"height":2250},{"@type":"BreadcrumbList","@id":"https:\/\/vollmacthformular.com\/de\/raiffeisenbank-vollmacht-offnen\/#breadcrumb","itemListElement":[{"@type":"ListItem","position":1,"name":"Portada","item":"https:\/\/vollmacthformular.com\/de\/"},{"@type":"ListItem","position":2,"name":"\u00d6ffnen &#8211; Raiffeisenbank Vollmacht Formular"}]},{"@type":"WebSite","@id":"https:\/\/vollmacthformular.com\/de\/#website","url":"https:\/\/vollmacthformular.com\/de\/","name":"Vollmacht Formular","description":"Vorlage und Muster","publisher":{"@id":"https:\/\/vollmacthformular.com\/de\/#organization"},"potentialAction":[{"@type":"SearchAction","target":{"@type":"EntryPoint","urlTemplate":"https:\/\/vollmacthformular.com\/de\/?s={search_term_string}"},"query-input":{"@type":"PropertyValueSpecification","valueRequired":true,"valueName":"search_term_string"}}],"inLanguage":"de"},{"@type":"Organization","@id":"https:\/\/vollmacthformular.com\/de\/#organization","name":"Vollmacht Formular","url":"https:\/\/vollmacthformular.com\/de\/","logo":{"@type":"ImageObject","inLanguage":"de","@id":"https:\/\/vollmacthformular.com\/de\/#\/schema\/logo\/image\/","url":"https:\/\/vollmacthformular.com\/de\/wp-content\/uploads\/cropped-fav.png","contentUrl":"https:\/\/vollmacthformular.com\/de\/wp-content\/uploads\/cropped-fav.png","width":512,"height":512,"caption":"Vollmacht Formular"},"image":{"@id":"https:\/\/vollmacthformular.com\/de\/#\/schema\/logo\/image\/"}}]}},"_links":{"self":[{"href":"https:\/\/vollmacthformular.com\/de\/wp-json\/wp\/v2\/pages\/606","targetHints":{"allow":["GET"]}}],"collection":[{"href":"https:\/\/vollmacthformular.com\/de\/wp-json\/wp\/v2\/pages"}],"about":[{"href":"https:\/\/vollmacthformular.com\/de\/wp-json\/wp\/v2\/types\/page"}],"author":[{"embeddable":true,"href":"https:\/\/vollmacthformular.com\/de\/wp-json\/wp\/v2\/users\/1"}],"replies":[{"embeddable":true,"href":"https:\/\/vollmacthformular.com\/de\/wp-json\/wp\/v2\/comments?post=606"}],"version-history":[{"count":0,"href":"https:\/\/vollmacthformular.com\/de\/wp-json\/wp\/v2\/pages\/606\/revisions"}],"wp:attachment":[{"href":"https:\/\/vollmacthformular.com\/de\/wp-json\/wp\/v2\/media?parent=606"}],"curies":[{"name":"wp","href":"https:\/\/api.w.org\/{rel}","templated":true}]}}